{"id":15444,"date":"2023-03-20T16:11:53","date_gmt":"2023-03-20T15:11:53","guid":{"rendered":"https:\/\/izysolutions.com\/demo-request\/"},"modified":"2023-03-30T10:59:40","modified_gmt":"2023-03-30T08:59:40","slug":"demande-de-demonstration","status":"publish","type":"page","link":"https:\/\/izysolutions.com\/fr\/demande-de-demonstration\/","title":{"rendered":"Demande de d\u00e9monstration"},"content":{"rendered":"\n<div class=\"wp-block-columns is-layout-flex wp-container-core-columns-is-layout-9d6595d7 wp-block-columns-is-layout-flex\">\n<div class=\"wp-block-column is-layout-flow wp-block-column-is-layout-flow\" style=\"flex-basis:33.33%\">\n<figure class=\"wp-block-image size-full img-radius\"><img decoding=\"async\" width=\"500\" height=\"375\" src=\"https:\/\/izysolutions.com\/wp-content\/uploads\/2023\/03\/demo_request_screen_iwicatalog_mockup.jpg\" alt=\"\" class=\"wp-image-15378\" srcset=\"https:\/\/izysolutions.com\/wp-content\/uploads\/2023\/03\/demo_request_screen_iwicatalog_mockup.jpg 500w, https:\/\/izysolutions.com\/wp-content\/uploads\/2023\/03\/demo_request_screen_iwicatalog_mockup-300x225.jpg 300w\" sizes=\"(max-width: 500px) 100vw, 500px\" \/><\/figure>\n<\/div>\n\n\n\n<div class=\"wp-block-column is-layout-flow wp-block-column-is-layout-flow\" style=\"flex-basis:66.66%\">\n\t\t\t<form id=\"sib_signup_form_4\" method=\"post\" class=\"sib_signup_form\">\n\t\t\t\t<div class=\"sib_loader\" style=\"display:none;\"><img\n\t\t\t\t\t\t\tsrc=\"https:\/\/izysolutions.com\/wp-includes\/images\/spinner.gif\" alt=\"loader\"><\/div>\n\t\t\t\t<input type=\"hidden\" name=\"sib_form_action\" value=\"subscribe_form_submit\">\n\t\t\t\t<input type=\"hidden\" name=\"sib_form_id\" value=\"4\">\n                <input type=\"hidden\" name=\"sib_form_alert_notice\" value=\"Remplissez ce champ s\u2019il vous pla\u00eet\">\n                <input type=\"hidden\" name=\"sib_form_invalid_email_notice\" value=\"Cette adresse email n&#039;est pas valide\">\n                <input type=\"hidden\" name=\"sib_security\" value=\"dd97338ad8\">\n\t\t\t\t<div class=\"sib_signup_box_inside_4\">\n\t\t\t\t\t<div style=\"\/*display:none*\/\" class=\"sib_msg_disp\">\n\t\t\t\t\t<\/div>\n                    \t\t\t\t\t<p class=\"sib-NOM-area\"> \r\n    <label class=\"sib-NOM-area\">Nom*<\/label> \r\n    <input type=\"text\" class=\"sib-NOM-area\" name=\"NOM\" required=\"required\"> \r\n<\/p>\r\n<p class=\"sib-PRENOM-area\"> \r\n    <label class=\"sib-PRENOM-area\">Pr\u00e9nom*<\/label> \r\n    <input type=\"text\" class=\"sib-PRENOM-area\" name=\"PRENOM\" required=\"required\"> \r\n<\/p>\r\n<p class=\"sib-email-area\"> \r\n    <label class=\"sib-email-area\">Adresse e-mail*<\/label> \r\n    <input type=\"email\" class=\"sib-email-area\" name=\"email\" placeholder=\"\" value=\"\" required=\"required\"> \r\n<\/p>\r\n\r\n<p>Pour quelle(s) solution(s) souhaitez-vous une d\u00e9mo ?<\/p>\r\n<p class=\"sib-IFAXNET-area\"> \r\n  <input type=\"hidden\" name=\"IFAXNET\" value=\"0\"><input type=\"checkbox\" value=\"1\" class=\"sib-IFAXNET-area\" name=\"IFAXNET\" id=\"IFAXNET\"> <label class=\"sib-IFAXNET-area\" for=\"IFAXNET\">iFaxNet<\/label> \r\n<\/p>\r\n<p class=\"sib-IWICATALOG-area\"> \r\n  <input type=\"hidden\" name=\"IWICATALOG\" value=\"0\"><input type=\"checkbox\" value=\"1\" class=\"sib-IWICATALOG-area\" name=\"IWICATALOG\" id=\"IWICATALOG\"> <label class=\"sib-IWICATALOG-area\" for=\"IWICATALOG\">iWiCatalog<\/label>  \r\n<\/p>\r\n<p class=\"sib-IZYLAB-area\"> \r\n  <input type=\"hidden\" name=\"IZYLAB\" value=\"0\"><input type=\"checkbox\" value=\"1\" class=\"sib-IZYLAB-area\" name=\"IZYLAB\" id=\"IZYLAB\"> <label class=\"sib-IZYLAB-area\" for=\"IZYLAB\">iZyLab<\/label> \r\n<\/p>\r\n\r\n<p class=\"sib-ICC_UP-area\"> \r\n  <input type=\"hidden\" name=\"ICC_UP\" value=\"0\"><input type=\"checkbox\" value=\"1\" class=\"sib-ICC_UP-area\" name=\"ICC_UP\" id=\"ICC_UP\"> <label class=\"sib-ICC_UP-area\" for=\"ICC_UP\">iCC\/UP<\/label> \r\n<\/p>\r\n\r\n<p style=\"text-align:center\">\r\n    <input type=\"submit\" class=\"sib-default-btn\" value=\"Envoyer\">\r\n<\/p>\r\n\t\t\t\t<\/div>\n\t\t\t<\/form>\n\t\t\t<style>\n\t\t\t\tform#sib_signup_form_4 p.sib-alert-message {\n    padding: 6px 12px;\n    margin-bottom: 20px;\n    border: 1px solid transparent;\n    border-radius: 4px;\n    -webkit-box-sizing: border-box;\n    -moz-box-sizing: border-box;\n    box-sizing: border-box;\n}\nform#sib_signup_form_4 p.sib-alert-message-error {\n    background-color: #f2dede;\n    border-color: #ebccd1;\n    color: #a94442;\n}\nform#sib_signup_form_4 p.sib-alert-message-success {\n    background-color: #dff0d8;\n    border-color: #d6e9c6;\n    color: #3c763d;\n}\nform#sib_signup_form_4 p.sib-alert-message-warning {\n    background-color: #fcf8e3;\n    border-color: #faebcc;\n    color: #8a6d3b;\n}\n\t\t\t<\/style>\n\t\t\t\n<\/div>\n<\/div>\n\n\n\n<div style=\"height:20px\" aria-hidden=\"true\" class=\"wp-block-spacer\"><\/div>\n\n\n\n<div class=\"wp-block-columns is-layout-flex wp-container-core-columns-is-layout-9d6595d7 wp-block-columns-is-layout-flex\">\n<div class=\"wp-block-column is-layout-flow wp-block-column-is-layout-flow\" style=\"flex-basis:66.66%\">\n<p><strong>Quelles sont les prochaines \u00e9tapes&nbsp;?<\/strong><\/p>\n\n\n\n<div class=\"wp-block-group product-section\"><div class=\"wp-block-group__inner-container is-layout-flow wp-block-group-is-layout-flow\">\n<ul class=\"wp-block-list\">\n<li>Notre service commercial vous contacte dans les plus brefs d\u00e9lais pour vous proposer un rendez-vous en visio.<\/li>\n\n\n\n<li>Nous discutons de votre activit\u00e9, de vos indicateurs cl\u00e9s de performance et de vos besoins.<\/li>\n\n\n\n<li>Nous vous faisons une d\u00e9monstration personnalis\u00e9e et r\u00e9pondons \u00e0 toutes vos questions.<\/li>\n\n\n\n<li>Enfin, nous vous envoyons un devis d\u00e9taill\u00e9 pour vous aider \u00e0 prendre une d\u00e9cision \u00e9clair\u00e9e.<\/li>\n<\/ul>\n<\/div><\/div>\n<\/div>\n\n\n\n<div class=\"wp-block-column is-layout-flow wp-block-column-is-layout-flow\" style=\"flex-basis:33.33%\">\n<figure class=\"wp-block-image size-full img-radius\"><img decoding=\"async\" width=\"500\" height=\"355\" src=\"https:\/\/izysolutions.com\/wp-content\/uploads\/2023\/03\/photo_next_steps-2.jpg\" alt=\"\" class=\"wp-image-15374\" srcset=\"https:\/\/izysolutions.com\/wp-content\/uploads\/2023\/03\/photo_next_steps-2.jpg 500w, https:\/\/izysolutions.com\/wp-content\/uploads\/2023\/03\/photo_next_steps-2-300x213.jpg 300w\" sizes=\"(max-width: 500px) 100vw, 500px\" \/><\/figure>\n<\/div>\n<\/div>\n","protected":false},"excerpt":{"rendered":"<p>Quelles sont les prochaines \u00e9tapes&nbsp;?<\/p>\n","protected":false},"author":1,"featured_media":0,"parent":0,"menu_order":0,"comment_status":"closed","ping_status":"closed","template":"page-demo.php","meta":{"_acf_changed":false,"inline_featured_image":false,"footnotes":""},"class_list":["post-15444","page","type-page","status-publish","hentry"],"acf":[],"yoast_head":"<!-- This site is optimized with the Yoast SEO plugin v26.7 - https:\/\/yoast.com\/wordpress\/plugins\/seo\/ -->\n<title>Demande de d\u00e9monstration - iZySolutions<\/title>\n<meta name=\"robots\" content=\"noindex, nofollow\" \/>\n<meta property=\"og:locale\" content=\"fr_FR\" \/>\n<meta property=\"og:type\" content=\"article\" \/>\n<meta property=\"og:title\" content=\"Demande de d\u00e9monstration - iZySolutions\" \/>\n<meta property=\"og:description\" content=\"Quelles sont les prochaines \u00e9tapes&nbsp;?\" \/>\n<meta property=\"og:url\" content=\"https:\/\/izysolutions.com\/fr\/demande-de-demonstration\/\" \/>\n<meta property=\"og:site_name\" content=\"iZySolutions\" \/>\n<meta property=\"article:modified_time\" content=\"2023-03-30T08:59:40+00:00\" \/>\n<meta property=\"og:image\" content=\"https:\/\/izysolutions.com\/wp-content\/uploads\/2023\/03\/demo_request_screen_iwicatalog_mockup.jpg\" \/>\n<meta name=\"twitter:card\" content=\"summary_large_image\" \/>\n<script type=\"application\/ld+json\" class=\"yoast-schema-graph\">{\"@context\":\"https:\/\/schema.org\",\"@graph\":[{\"@type\":\"WebPage\",\"@id\":\"https:\/\/izysolutions.com\/fr\/demande-de-demonstration\/\",\"url\":\"https:\/\/izysolutions.com\/fr\/demande-de-demonstration\/\",\"name\":\"Demande de d\u00e9monstration - iZySolutions\",\"isPartOf\":{\"@id\":\"https:\/\/izysolutions.com\/#website\"},\"primaryImageOfPage\":{\"@id\":\"https:\/\/izysolutions.com\/fr\/demande-de-demonstration\/#primaryimage\"},\"image\":{\"@id\":\"https:\/\/izysolutions.com\/fr\/demande-de-demonstration\/#primaryimage\"},\"thumbnailUrl\":\"https:\/\/izysolutions.com\/wp-content\/uploads\/2023\/03\/demo_request_screen_iwicatalog_mockup.jpg\",\"datePublished\":\"2023-03-20T15:11:53+00:00\",\"dateModified\":\"2023-03-30T08:59:40+00:00\",\"breadcrumb\":{\"@id\":\"https:\/\/izysolutions.com\/fr\/demande-de-demonstration\/#breadcrumb\"},\"inLanguage\":\"fr-FR\",\"potentialAction\":[{\"@type\":\"ReadAction\",\"target\":[\"https:\/\/izysolutions.com\/fr\/demande-de-demonstration\/\"]}]},{\"@type\":\"ImageObject\",\"inLanguage\":\"fr-FR\",\"@id\":\"https:\/\/izysolutions.com\/fr\/demande-de-demonstration\/#primaryimage\",\"url\":\"https:\/\/izysolutions.com\/wp-content\/uploads\/2023\/03\/demo_request_screen_iwicatalog_mockup.jpg\",\"contentUrl\":\"https:\/\/izysolutions.com\/wp-content\/uploads\/2023\/03\/demo_request_screen_iwicatalog_mockup.jpg\"},{\"@type\":\"BreadcrumbList\",\"@id\":\"https:\/\/izysolutions.com\/fr\/demande-de-demonstration\/#breadcrumb\",\"itemListElement\":[{\"@type\":\"ListItem\",\"position\":1,\"name\":\"Home\",\"item\":\"https:\/\/izysolutions.com\/fr\/\"},{\"@type\":\"ListItem\",\"position\":2,\"name\":\"Demande de d\u00e9monstration\"}]},{\"@type\":\"WebSite\",\"@id\":\"https:\/\/izysolutions.com\/#website\",\"url\":\"https:\/\/izysolutions.com\/\",\"name\":\"iZySolutions\",\"description\":\"Un site utilisant WordPress\",\"potentialAction\":[{\"@type\":\"SearchAction\",\"target\":{\"@type\":\"EntryPoint\",\"urlTemplate\":\"https:\/\/izysolutions.com\/?s={search_term_string}\"},\"query-input\":{\"@type\":\"PropertyValueSpecification\",\"valueRequired\":true,\"valueName\":\"search_term_string\"}}],\"inLanguage\":\"fr-FR\"}]}<\/script>\n<!-- \/ Yoast SEO plugin. -->","yoast_head_json":{"title":"Demande de d\u00e9monstration - iZySolutions","robots":{"index":"noindex","follow":"nofollow"},"og_locale":"fr_FR","og_type":"article","og_title":"Demande de d\u00e9monstration - iZySolutions","og_description":"Quelles sont les prochaines \u00e9tapes&nbsp;?","og_url":"https:\/\/izysolutions.com\/fr\/demande-de-demonstration\/","og_site_name":"iZySolutions","article_modified_time":"2023-03-30T08:59:40+00:00","og_image":[{"url":"https:\/\/izysolutions.com\/wp-content\/uploads\/2023\/03\/demo_request_screen_iwicatalog_mockup.jpg","type":"","width":"","height":""}],"twitter_card":"summary_large_image","schema":{"@context":"https:\/\/schema.org","@graph":[{"@type":"WebPage","@id":"https:\/\/izysolutions.com\/fr\/demande-de-demonstration\/","url":"https:\/\/izysolutions.com\/fr\/demande-de-demonstration\/","name":"Demande de d\u00e9monstration - iZySolutions","isPartOf":{"@id":"https:\/\/izysolutions.com\/#website"},"primaryImageOfPage":{"@id":"https:\/\/izysolutions.com\/fr\/demande-de-demonstration\/#primaryimage"},"image":{"@id":"https:\/\/izysolutions.com\/fr\/demande-de-demonstration\/#primaryimage"},"thumbnailUrl":"https:\/\/izysolutions.com\/wp-content\/uploads\/2023\/03\/demo_request_screen_iwicatalog_mockup.jpg","datePublished":"2023-03-20T15:11:53+00:00","dateModified":"2023-03-30T08:59:40+00:00","breadcrumb":{"@id":"https:\/\/izysolutions.com\/fr\/demande-de-demonstration\/#breadcrumb"},"inLanguage":"fr-FR","potentialAction":[{"@type":"ReadAction","target":["https:\/\/izysolutions.com\/fr\/demande-de-demonstration\/"]}]},{"@type":"ImageObject","inLanguage":"fr-FR","@id":"https:\/\/izysolutions.com\/fr\/demande-de-demonstration\/#primaryimage","url":"https:\/\/izysolutions.com\/wp-content\/uploads\/2023\/03\/demo_request_screen_iwicatalog_mockup.jpg","contentUrl":"https:\/\/izysolutions.com\/wp-content\/uploads\/2023\/03\/demo_request_screen_iwicatalog_mockup.jpg"},{"@type":"BreadcrumbList","@id":"https:\/\/izysolutions.com\/fr\/demande-de-demonstration\/#breadcrumb","itemListElement":[{"@type":"ListItem","position":1,"name":"Home","item":"https:\/\/izysolutions.com\/fr\/"},{"@type":"ListItem","position":2,"name":"Demande de d\u00e9monstration"}]},{"@type":"WebSite","@id":"https:\/\/izysolutions.com\/#website","url":"https:\/\/izysolutions.com\/","name":"iZySolutions","description":"Un site utilisant WordPress","potentialAction":[{"@type":"SearchAction","target":{"@type":"EntryPoint","urlTemplate":"https:\/\/izysolutions.com\/?s={search_term_string}"},"query-input":{"@type":"PropertyValueSpecification","valueRequired":true,"valueName":"search_term_string"}}],"inLanguage":"fr-FR"}]}},"_links":{"self":[{"href":"https:\/\/izysolutions.com\/fr\/wp-json\/wp\/v2\/pages\/15444","targetHints":{"allow":["GET"]}}],"collection":[{"href":"https:\/\/izysolutions.com\/fr\/wp-json\/wp\/v2\/pages"}],"about":[{"href":"https:\/\/izysolutions.com\/fr\/wp-json\/wp\/v2\/types\/page"}],"author":[{"embeddable":true,"href":"https:\/\/izysolutions.com\/fr\/wp-json\/wp\/v2\/users\/1"}],"replies":[{"embeddable":true,"href":"https:\/\/izysolutions.com\/fr\/wp-json\/wp\/v2\/comments?post=15444"}],"version-history":[{"count":3,"href":"https:\/\/izysolutions.com\/fr\/wp-json\/wp\/v2\/pages\/15444\/revisions"}],"predecessor-version":[{"id":15450,"href":"https:\/\/izysolutions.com\/fr\/wp-json\/wp\/v2\/pages\/15444\/revisions\/15450"}],"wp:attachment":[{"href":"https:\/\/izysolutions.com\/fr\/wp-json\/wp\/v2\/media?parent=15444"}],"curies":[{"name":"wp","href":"https:\/\/api.w.org\/{rel}","templated":true}]}}