{"id":14275,"date":"2021-11-04T12:03:53","date_gmt":"2021-11-04T11:03:53","guid":{"rendered":"https:\/\/izysolutions.com\/accueil\/"},"modified":"2025-05-19T10:54:30","modified_gmt":"2025-05-19T08:54:30","slug":"accueil","status":"publish","type":"page","link":"https:\/\/izysolutions.com\/fr\/","title":{"rendered":"Accueil"},"content":{"rendered":"","protected":false},"excerpt":{"rendered":"","protected":false},"author":11,"featured_media":0,"parent":0,"menu_order":0,"comment_status":"closed","ping_status":"closed","template":"accueil.php","meta":{"_acf_changed":false,"inline_featured_image":false,"footnotes":""},"class_list":["post-14275","page","type-page","status-publish","hentry"],"acf":[],"yoast_head":"<!-- This site is optimized with the Yoast SEO plugin v26.7 - https:\/\/yoast.com\/wordpress\/plugins\/seo\/ -->\n<title>IZySolutions - Le leader europ\u00e9en des logiciels et services optiques pour les acteurs de l&#039;optique<\/title>\n<meta name=\"description\" content=\"Gr\u00e2ce \u00e0 ses logiciels et services d\u00e9di\u00e9s aux acteurs de l&#039;Industrie optique, IZySolutions simplifie le quotidien de tous les\" \/>\n<meta name=\"robots\" content=\"index, follow, max-snippet:-1, max-image-preview:large, max-video-preview:-1\" \/>\n<link rel=\"canonical\" href=\"https:\/\/izysolutions.com\/fr\/\" \/>\n<meta property=\"og:locale\" content=\"fr_FR\" \/>\n<meta property=\"og:type\" content=\"article\" \/>\n<meta property=\"og:title\" content=\"IZySolutions - Le leader europ\u00e9en des logiciels et services optiques pour les acteurs de l&#039;optique\" \/>\n<meta property=\"og:description\" content=\"Gr\u00e2ce \u00e0 ses logiciels et services d\u00e9di\u00e9s aux acteurs de l&#039;Industrie optique, IZySolutions simplifie le quotidien de tous les\" \/>\n<meta property=\"og:url\" content=\"https:\/\/izysolutions.com\/fr\/\" \/>\n<meta property=\"og:site_name\" content=\"iZySolutions\" \/>\n<meta property=\"article:modified_time\" content=\"2025-05-19T08:54:30+00:00\" \/>\n<meta name=\"twitter:card\" content=\"summary_large_image\" \/>\n<script type=\"application\/ld+json\" class=\"yoast-schema-graph\">{\"@context\":\"https:\/\/schema.org\",\"@graph\":[{\"@type\":\"WebPage\",\"@id\":\"https:\/\/izysolutions.com\/fr\/\",\"url\":\"https:\/\/izysolutions.com\/fr\/\",\"name\":\"IZySolutions - Le leader europ\u00e9en des logiciels et services optiques pour les acteurs de l'optique\",\"isPartOf\":{\"@id\":\"https:\/\/izysolutions.com\/#website\"},\"datePublished\":\"2021-11-04T11:03:53+00:00\",\"dateModified\":\"2025-05-19T08:54:30+00:00\",\"description\":\"Gr\u00e2ce \u00e0 ses logiciels et services d\u00e9di\u00e9s aux acteurs de l'Industrie optique, IZySolutions simplifie le quotidien de tous les\",\"breadcrumb\":{\"@id\":\"https:\/\/izysolutions.com\/fr\/#breadcrumb\"},\"inLanguage\":\"fr-FR\",\"potentialAction\":[{\"@type\":\"ReadAction\",\"target\":[\"https:\/\/izysolutions.com\/fr\/\"]}]},{\"@type\":\"BreadcrumbList\",\"@id\":\"https:\/\/izysolutions.com\/fr\/#breadcrumb\",\"itemListElement\":[{\"@type\":\"ListItem\",\"position\":1,\"name\":\"Home\",\"item\":\"https:\/\/izysolutions.com\/fr\/\"},{\"@type\":\"ListItem\",\"position\":2,\"name\":\"Accueil\"}]},{\"@type\":\"WebSite\",\"@id\":\"https:\/\/izysolutions.com\/#website\",\"url\":\"https:\/\/izysolutions.com\/\",\"name\":\"iZySolutions\",\"description\":\"Un site utilisant WordPress\",\"potentialAction\":[{\"@type\":\"SearchAction\",\"target\":{\"@type\":\"EntryPoint\",\"urlTemplate\":\"https:\/\/izysolutions.com\/?s={search_term_string}\"},\"query-input\":{\"@type\":\"PropertyValueSpecification\",\"valueRequired\":true,\"valueName\":\"search_term_string\"}}],\"inLanguage\":\"fr-FR\"}]}<\/script>\n<!-- \/ Yoast SEO plugin. -->","yoast_head_json":{"title":"IZySolutions - Le leader europ\u00e9en des logiciels et services optiques pour les acteurs de l'optique","description":"Gr\u00e2ce \u00e0 ses logiciels et services d\u00e9di\u00e9s aux acteurs de l'Industrie optique, IZySolutions simplifie le quotidien de tous les","robots":{"index":"index","follow":"follow","max-snippet":"max-snippet:-1","max-image-preview":"max-image-preview:large","max-video-preview":"max-video-preview:-1"},"canonical":"https:\/\/izysolutions.com\/fr\/","og_locale":"fr_FR","og_type":"article","og_title":"IZySolutions - Le leader europ\u00e9en des logiciels et services optiques pour les acteurs de l'optique","og_description":"Gr\u00e2ce \u00e0 ses logiciels et services d\u00e9di\u00e9s aux acteurs de l'Industrie optique, IZySolutions simplifie le quotidien de tous les","og_url":"https:\/\/izysolutions.com\/fr\/","og_site_name":"iZySolutions","article_modified_time":"2025-05-19T08:54:30+00:00","twitter_card":"summary_large_image","schema":{"@context":"https:\/\/schema.org","@graph":[{"@type":"WebPage","@id":"https:\/\/izysolutions.com\/fr\/","url":"https:\/\/izysolutions.com\/fr\/","name":"IZySolutions - Le leader europ\u00e9en des logiciels et services optiques pour les acteurs de l'optique","isPartOf":{"@id":"https:\/\/izysolutions.com\/#website"},"datePublished":"2021-11-04T11:03:53+00:00","dateModified":"2025-05-19T08:54:30+00:00","description":"Gr\u00e2ce \u00e0 ses logiciels et services d\u00e9di\u00e9s aux acteurs de l'Industrie optique, IZySolutions simplifie le quotidien de tous les","breadcrumb":{"@id":"https:\/\/izysolutions.com\/fr\/#breadcrumb"},"inLanguage":"fr-FR","potentialAction":[{"@type":"ReadAction","target":["https:\/\/izysolutions.com\/fr\/"]}]},{"@type":"BreadcrumbList","@id":"https:\/\/izysolutions.com\/fr\/#breadcrumb","itemListElement":[{"@type":"ListItem","position":1,"name":"Home","item":"https:\/\/izysolutions.com\/fr\/"},{"@type":"ListItem","position":2,"name":"Accueil"}]},{"@type":"WebSite","@id":"https:\/\/izysolutions.com\/#website","url":"https:\/\/izysolutions.com\/","name":"iZySolutions","description":"Un site utilisant WordPress","potentialAction":[{"@type":"SearchAction","target":{"@type":"EntryPoint","urlTemplate":"https:\/\/izysolutions.com\/?s={search_term_string}"},"query-input":{"@type":"PropertyValueSpecification","valueRequired":true,"valueName":"search_term_string"}}],"inLanguage":"fr-FR"}]}},"_links":{"self":[{"href":"https:\/\/izysolutions.com\/fr\/wp-json\/wp\/v2\/pages\/14275","targetHints":{"allow":["GET"]}}],"collection":[{"href":"https:\/\/izysolutions.com\/fr\/wp-json\/wp\/v2\/pages"}],"about":[{"href":"https:\/\/izysolutions.com\/fr\/wp-json\/wp\/v2\/types\/page"}],"author":[{"embeddable":true,"href":"https:\/\/izysolutions.com\/fr\/wp-json\/wp\/v2\/users\/11"}],"replies":[{"embeddable":true,"href":"https:\/\/izysolutions.com\/fr\/wp-json\/wp\/v2\/comments?post=14275"}],"version-history":[{"count":29,"href":"https:\/\/izysolutions.com\/fr\/wp-json\/wp\/v2\/pages\/14275\/revisions"}],"predecessor-version":[{"id":16591,"href":"https:\/\/izysolutions.com\/fr\/wp-json\/wp\/v2\/pages\/14275\/revisions\/16591"}],"wp:attachment":[{"href":"https:\/\/izysolutions.com\/fr\/wp-json\/wp\/v2\/media?parent=14275"}],"curies":[{"name":"wp","href":"https:\/\/api.w.org\/{rel}","templated":true}]}}