{"id":14254,"date":"2021-11-04T11:32:02","date_gmt":"2021-11-04T10:32:02","guid":{"rendered":"https:\/\/izysolutions.com\/mention-legale\/"},"modified":"2024-09-24T14:46:13","modified_gmt":"2024-09-24T12:46:13","slug":"mentions-legales","status":"publish","type":"page","link":"https:\/\/izysolutions.com\/fr\/mentions-legales\/","title":{"rendered":"Mentions l\u00e9gales"},"content":{"rendered":"\n<h2 class=\"wp-block-heading\">\u00c9diteur de contenu<\/h2>\n\n\n\n<p>IZYSOLUTIONS<\/p>\n\n\n\n<p>SAS Soci\u00e9t\u00e9 au capital de 24 000 \u20ac<br>RCS Laval n\u00b050989961300020<br>151 rue de la Juine <br>45160 OLIVET FRANCE<br>T\u00e9l\u00e9phone : +33.(0) 2 38 69 80 31<br>Num\u00e9ro de TVA : FR24 509 899 613<\/p>\n\n\n\n<h2 class=\"wp-block-heading\">Responsable de publication<\/h2>\n\n\n\n<p>Julien DROUIN<\/p>\n\n\n\n<h2 class=\"wp-block-heading\">Cr\u00e9ateur<\/h2>\n\n\n\n<p>BO\u00ceTE D&rsquo;EXPERTS<\/p>\n\n\n\n<p>SAS Soci\u00e9t\u00e9 au capital social de 42 000 \u20ac<br>2 rue du midi<br>45600 GUILLY France<br>SIRET : 50955176800021<br>RCS : ORL\u00c9ANS (France)<br>contact(@)expertinbox.com<\/p>\n\n\n\n<h2 class=\"wp-block-heading\">H\u00e9bergeur Web<\/h2>\n\n\n\n<p>GANDI<\/p>\n\n\n\n<p>SAS, Soci\u00e9t\u00e9 au capital de 2 300 000 \u20ac<br>63-65 boulevard Mass\u00e9na <br>Paris (75013) FRANCE<br>Sir\u00e8ne 423 093 459 <br>RCS : PARIS (France)<br>N\u00b0 TVA FR81423093459<\/p>\n\n\n\n<p><\/p>\n","protected":false},"excerpt":{"rendered":"<p>\u00c9diteur de contenu IZYSOLUTIONS SAS Soci\u00e9t\u00e9 au capital de 24 000 \u20acRCS Laval n\u00b050989961300020151 rue de la Juine 45160 OLIVET FRANCET\u00e9l\u00e9phone : +33.(0) 2 38 69 80 31Num\u00e9ro de TVA : FR24 509 899 613 Responsable de publication Julien DROUIN Cr\u00e9ateur BO\u00ceTE D&rsquo;EXPERTS SAS Soci\u00e9t\u00e9 au capital social de 42 000 \u20ac2 rue du midi45600 [&hellip;]<\/p>\n","protected":false},"author":1,"featured_media":0,"parent":0,"menu_order":0,"comment_status":"closed","ping_status":"closed","template":"","meta":{"_acf_changed":false,"inline_featured_image":false,"footnotes":""},"class_list":["post-14254","page","type-page","status-publish","hentry"],"acf":[],"yoast_head":"<!-- This site is optimized with the Yoast SEO plugin v26.7 - https:\/\/yoast.com\/wordpress\/plugins\/seo\/ -->\n<title>Mentions l\u00e9gales - iZySolutions<\/title>\n<meta name=\"robots\" content=\"index, follow, max-snippet:-1, max-image-preview:large, max-video-preview:-1\" \/>\n<link rel=\"canonical\" href=\"https:\/\/izysolutions.com\/fr\/mentions-legales\/\" \/>\n<meta property=\"og:locale\" content=\"fr_FR\" \/>\n<meta property=\"og:type\" content=\"article\" \/>\n<meta property=\"og:title\" content=\"Mentions l\u00e9gales - iZySolutions\" \/>\n<meta property=\"og:description\" content=\"\u00c9diteur de contenu IZYSOLUTIONS SAS Soci\u00e9t\u00e9 au capital de 24 000 \u20acRCS Laval n\u00b050989961300020151 rue de la Juine 45160 OLIVET FRANCET\u00e9l\u00e9phone : +33.(0) 2 38 69 80 31Num\u00e9ro de TVA : FR24 509 899 613 Responsable de publication Julien DROUIN Cr\u00e9ateur BO\u00ceTE D&rsquo;EXPERTS SAS Soci\u00e9t\u00e9 au capital social de 42 000 \u20ac2 rue du midi45600 [&hellip;]\" \/>\n<meta property=\"og:url\" content=\"https:\/\/izysolutions.com\/fr\/mentions-legales\/\" \/>\n<meta property=\"og:site_name\" content=\"iZySolutions\" \/>\n<meta property=\"article:modified_time\" content=\"2024-09-24T12:46:13+00:00\" \/>\n<meta name=\"twitter:card\" content=\"summary_large_image\" \/>\n<script type=\"application\/ld+json\" class=\"yoast-schema-graph\">{\"@context\":\"https:\/\/schema.org\",\"@graph\":[{\"@type\":\"WebPage\",\"@id\":\"https:\/\/izysolutions.com\/fr\/mentions-legales\/\",\"url\":\"https:\/\/izysolutions.com\/fr\/mentions-legales\/\",\"name\":\"Mentions l\u00e9gales - iZySolutions\",\"isPartOf\":{\"@id\":\"https:\/\/izysolutions.com\/#website\"},\"datePublished\":\"2021-11-04T10:32:02+00:00\",\"dateModified\":\"2024-09-24T12:46:13+00:00\",\"breadcrumb\":{\"@id\":\"https:\/\/izysolutions.com\/fr\/mentions-legales\/#breadcrumb\"},\"inLanguage\":\"fr-FR\",\"potentialAction\":[{\"@type\":\"ReadAction\",\"target\":[\"https:\/\/izysolutions.com\/fr\/mentions-legales\/\"]}]},{\"@type\":\"BreadcrumbList\",\"@id\":\"https:\/\/izysolutions.com\/fr\/mentions-legales\/#breadcrumb\",\"itemListElement\":[{\"@type\":\"ListItem\",\"position\":1,\"name\":\"Home\",\"item\":\"https:\/\/izysolutions.com\/fr\/\"},{\"@type\":\"ListItem\",\"position\":2,\"name\":\"Mentions l\u00e9gales\"}]},{\"@type\":\"WebSite\",\"@id\":\"https:\/\/izysolutions.com\/#website\",\"url\":\"https:\/\/izysolutions.com\/\",\"name\":\"iZySolutions\",\"description\":\"Un site utilisant WordPress\",\"potentialAction\":[{\"@type\":\"SearchAction\",\"target\":{\"@type\":\"EntryPoint\",\"urlTemplate\":\"https:\/\/izysolutions.com\/?s={search_term_string}\"},\"query-input\":{\"@type\":\"PropertyValueSpecification\",\"valueRequired\":true,\"valueName\":\"search_term_string\"}}],\"inLanguage\":\"fr-FR\"}]}<\/script>\n<!-- \/ Yoast SEO plugin. -->","yoast_head_json":{"title":"Mentions l\u00e9gales - iZySolutions","robots":{"index":"index","follow":"follow","max-snippet":"max-snippet:-1","max-image-preview":"max-image-preview:large","max-video-preview":"max-video-preview:-1"},"canonical":"https:\/\/izysolutions.com\/fr\/mentions-legales\/","og_locale":"fr_FR","og_type":"article","og_title":"Mentions l\u00e9gales - iZySolutions","og_description":"\u00c9diteur de contenu IZYSOLUTIONS SAS Soci\u00e9t\u00e9 au capital de 24 000 \u20acRCS Laval n\u00b050989961300020151 rue de la Juine 45160 OLIVET FRANCET\u00e9l\u00e9phone : +33.(0) 2 38 69 80 31Num\u00e9ro de TVA : FR24 509 899 613 Responsable de publication Julien DROUIN Cr\u00e9ateur BO\u00ceTE D&rsquo;EXPERTS SAS Soci\u00e9t\u00e9 au capital social de 42 000 \u20ac2 rue du midi45600 [&hellip;]","og_url":"https:\/\/izysolutions.com\/fr\/mentions-legales\/","og_site_name":"iZySolutions","article_modified_time":"2024-09-24T12:46:13+00:00","twitter_card":"summary_large_image","schema":{"@context":"https:\/\/schema.org","@graph":[{"@type":"WebPage","@id":"https:\/\/izysolutions.com\/fr\/mentions-legales\/","url":"https:\/\/izysolutions.com\/fr\/mentions-legales\/","name":"Mentions l\u00e9gales - iZySolutions","isPartOf":{"@id":"https:\/\/izysolutions.com\/#website"},"datePublished":"2021-11-04T10:32:02+00:00","dateModified":"2024-09-24T12:46:13+00:00","breadcrumb":{"@id":"https:\/\/izysolutions.com\/fr\/mentions-legales\/#breadcrumb"},"inLanguage":"fr-FR","potentialAction":[{"@type":"ReadAction","target":["https:\/\/izysolutions.com\/fr\/mentions-legales\/"]}]},{"@type":"BreadcrumbList","@id":"https:\/\/izysolutions.com\/fr\/mentions-legales\/#breadcrumb","itemListElement":[{"@type":"ListItem","position":1,"name":"Home","item":"https:\/\/izysolutions.com\/fr\/"},{"@type":"ListItem","position":2,"name":"Mentions l\u00e9gales"}]},{"@type":"WebSite","@id":"https:\/\/izysolutions.com\/#website","url":"https:\/\/izysolutions.com\/","name":"iZySolutions","description":"Un site utilisant WordPress","potentialAction":[{"@type":"SearchAction","target":{"@type":"EntryPoint","urlTemplate":"https:\/\/izysolutions.com\/?s={search_term_string}"},"query-input":{"@type":"PropertyValueSpecification","valueRequired":true,"valueName":"search_term_string"}}],"inLanguage":"fr-FR"}]}},"_links":{"self":[{"href":"https:\/\/izysolutions.com\/fr\/wp-json\/wp\/v2\/pages\/14254","targetHints":{"allow":["GET"]}}],"collection":[{"href":"https:\/\/izysolutions.com\/fr\/wp-json\/wp\/v2\/pages"}],"about":[{"href":"https:\/\/izysolutions.com\/fr\/wp-json\/wp\/v2\/types\/page"}],"author":[{"embeddable":true,"href":"https:\/\/izysolutions.com\/fr\/wp-json\/wp\/v2\/users\/1"}],"replies":[{"embeddable":true,"href":"https:\/\/izysolutions.com\/fr\/wp-json\/wp\/v2\/comments?post=14254"}],"version-history":[{"count":5,"href":"https:\/\/izysolutions.com\/fr\/wp-json\/wp\/v2\/pages\/14254\/revisions"}],"predecessor-version":[{"id":16272,"href":"https:\/\/izysolutions.com\/fr\/wp-json\/wp\/v2\/pages\/14254\/revisions\/16272"}],"wp:attachment":[{"href":"https:\/\/izysolutions.com\/fr\/wp-json\/wp\/v2\/media?parent=14254"}],"curies":[{"name":"wp","href":"https:\/\/api.w.org\/{rel}","templated":true}]}}