{"id":14252,"date":"2021-11-04T11:29:30","date_gmt":"2021-11-04T10:29:30","guid":{"rendered":"https:\/\/izysolutions.com\/nos-services\/izydeveloppements\/"},"modified":"2024-11-19T10:42:58","modified_gmt":"2024-11-19T09:42:58","slug":"izydeveloppements","status":"publish","type":"page","link":"https:\/\/izysolutions.com\/fr\/nos-services\/izydeveloppements\/","title":{"rendered":"iZyD\u00e9veloppements"},"content":{"rendered":"","protected":false},"excerpt":{"rendered":"","protected":false},"author":1,"featured_media":0,"parent":14171,"menu_order":0,"comment_status":"closed","ping_status":"closed","template":"page-template-produits.php","meta":{"_acf_changed":false,"inline_featured_image":false,"footnotes":""},"class_list":["post-14252","page","type-page","status-publish","hentry"],"acf":[],"yoast_head":"<!-- This site is optimized with the Yoast SEO plugin v26.7 - https:\/\/yoast.com\/wordpress\/plugins\/seo\/ -->\n<title>iZyD\u00e9veloppements - iZySolutions<\/title>\n<meta name=\"description\" content=\"iZyDevelopment met \u00e0 disposition des ressources de d\u00e9veloppement informatique (chef de projet et d\u00e9veloppeurs) qui ont une double expertise ; d\u00e9veloppement et de hautes connaissances sur le travail de l&#039;optique.\" \/>\n<meta name=\"robots\" content=\"index, follow, max-snippet:-1, max-image-preview:large, max-video-preview:-1\" \/>\n<link rel=\"canonical\" href=\"https:\/\/izysolutions.com\/fr\/nos-services\/izydeveloppements\/\" \/>\n<meta property=\"og:locale\" content=\"fr_FR\" \/>\n<meta property=\"og:type\" content=\"article\" \/>\n<meta property=\"og:title\" content=\"iZyD\u00e9veloppements - iZySolutions\" \/>\n<meta property=\"og:description\" content=\"iZyDevelopment met \u00e0 disposition des ressources de d\u00e9veloppement informatique (chef de projet et d\u00e9veloppeurs) qui ont une double expertise ; d\u00e9veloppement et de hautes connaissances sur le travail de l&#039;optique.\" \/>\n<meta property=\"og:url\" content=\"https:\/\/izysolutions.com\/fr\/nos-services\/izydeveloppements\/\" \/>\n<meta property=\"og:site_name\" content=\"iZySolutions\" \/>\n<meta property=\"article:modified_time\" content=\"2024-11-19T09:42:58+00:00\" \/>\n<meta name=\"twitter:card\" content=\"summary_large_image\" \/>\n<script type=\"application\/ld+json\" class=\"yoast-schema-graph\">{\"@context\":\"https:\/\/schema.org\",\"@graph\":[{\"@type\":\"WebPage\",\"@id\":\"https:\/\/izysolutions.com\/fr\/nos-services\/izydeveloppements\/\",\"url\":\"https:\/\/izysolutions.com\/fr\/nos-services\/izydeveloppements\/\",\"name\":\"iZyD\u00e9veloppements - iZySolutions\",\"isPartOf\":{\"@id\":\"https:\/\/izysolutions.com\/#website\"},\"datePublished\":\"2021-11-04T10:29:30+00:00\",\"dateModified\":\"2024-11-19T09:42:58+00:00\",\"description\":\"iZyDevelopment met \u00e0 disposition des ressources de d\u00e9veloppement informatique (chef de projet et d\u00e9veloppeurs) qui ont une double expertise ; d\u00e9veloppement et de hautes connaissances sur le travail de l'optique.\",\"breadcrumb\":{\"@id\":\"https:\/\/izysolutions.com\/fr\/nos-services\/izydeveloppements\/#breadcrumb\"},\"inLanguage\":\"fr-FR\",\"potentialAction\":[{\"@type\":\"ReadAction\",\"target\":[\"https:\/\/izysolutions.com\/fr\/nos-services\/izydeveloppements\/\"]}]},{\"@type\":\"BreadcrumbList\",\"@id\":\"https:\/\/izysolutions.com\/fr\/nos-services\/izydeveloppements\/#breadcrumb\",\"itemListElement\":[{\"@type\":\"ListItem\",\"position\":1,\"name\":\"Home\",\"item\":\"https:\/\/izysolutions.com\/fr\/\"},{\"@type\":\"ListItem\",\"position\":2,\"name\":\"Gestion de catalogue Edi optique\",\"item\":\"https:\/\/izysolutions.com\/fr\/nos-services\/\"},{\"@type\":\"ListItem\",\"position\":3,\"name\":\"iZyD\u00e9veloppements\"}]},{\"@type\":\"WebSite\",\"@id\":\"https:\/\/izysolutions.com\/#website\",\"url\":\"https:\/\/izysolutions.com\/\",\"name\":\"iZySolutions\",\"description\":\"Un site utilisant WordPress\",\"potentialAction\":[{\"@type\":\"SearchAction\",\"target\":{\"@type\":\"EntryPoint\",\"urlTemplate\":\"https:\/\/izysolutions.com\/?s={search_term_string}\"},\"query-input\":{\"@type\":\"PropertyValueSpecification\",\"valueRequired\":true,\"valueName\":\"search_term_string\"}}],\"inLanguage\":\"fr-FR\"}]}<\/script>\n<!-- \/ Yoast SEO plugin. -->","yoast_head_json":{"title":"iZyD\u00e9veloppements - iZySolutions","description":"iZyDevelopment met \u00e0 disposition des ressources de d\u00e9veloppement informatique (chef de projet et d\u00e9veloppeurs) qui ont une double expertise ; d\u00e9veloppement et de hautes connaissances sur le travail de l'optique.","robots":{"index":"index","follow":"follow","max-snippet":"max-snippet:-1","max-image-preview":"max-image-preview:large","max-video-preview":"max-video-preview:-1"},"canonical":"https:\/\/izysolutions.com\/fr\/nos-services\/izydeveloppements\/","og_locale":"fr_FR","og_type":"article","og_title":"iZyD\u00e9veloppements - iZySolutions","og_description":"iZyDevelopment met \u00e0 disposition des ressources de d\u00e9veloppement informatique (chef de projet et d\u00e9veloppeurs) qui ont une double expertise ; d\u00e9veloppement et de hautes connaissances sur le travail de l'optique.","og_url":"https:\/\/izysolutions.com\/fr\/nos-services\/izydeveloppements\/","og_site_name":"iZySolutions","article_modified_time":"2024-11-19T09:42:58+00:00","twitter_card":"summary_large_image","schema":{"@context":"https:\/\/schema.org","@graph":[{"@type":"WebPage","@id":"https:\/\/izysolutions.com\/fr\/nos-services\/izydeveloppements\/","url":"https:\/\/izysolutions.com\/fr\/nos-services\/izydeveloppements\/","name":"iZyD\u00e9veloppements - iZySolutions","isPartOf":{"@id":"https:\/\/izysolutions.com\/#website"},"datePublished":"2021-11-04T10:29:30+00:00","dateModified":"2024-11-19T09:42:58+00:00","description":"iZyDevelopment met \u00e0 disposition des ressources de d\u00e9veloppement informatique (chef de projet et d\u00e9veloppeurs) qui ont une double expertise ; d\u00e9veloppement et de hautes connaissances sur le travail de l'optique.","breadcrumb":{"@id":"https:\/\/izysolutions.com\/fr\/nos-services\/izydeveloppements\/#breadcrumb"},"inLanguage":"fr-FR","potentialAction":[{"@type":"ReadAction","target":["https:\/\/izysolutions.com\/fr\/nos-services\/izydeveloppements\/"]}]},{"@type":"BreadcrumbList","@id":"https:\/\/izysolutions.com\/fr\/nos-services\/izydeveloppements\/#breadcrumb","itemListElement":[{"@type":"ListItem","position":1,"name":"Home","item":"https:\/\/izysolutions.com\/fr\/"},{"@type":"ListItem","position":2,"name":"Gestion de catalogue Edi optique","item":"https:\/\/izysolutions.com\/fr\/nos-services\/"},{"@type":"ListItem","position":3,"name":"iZyD\u00e9veloppements"}]},{"@type":"WebSite","@id":"https:\/\/izysolutions.com\/#website","url":"https:\/\/izysolutions.com\/","name":"iZySolutions","description":"Un site utilisant WordPress","potentialAction":[{"@type":"SearchAction","target":{"@type":"EntryPoint","urlTemplate":"https:\/\/izysolutions.com\/?s={search_term_string}"},"query-input":{"@type":"PropertyValueSpecification","valueRequired":true,"valueName":"search_term_string"}}],"inLanguage":"fr-FR"}]}},"_links":{"self":[{"href":"https:\/\/izysolutions.com\/fr\/wp-json\/wp\/v2\/pages\/14252","targetHints":{"allow":["GET"]}}],"collection":[{"href":"https:\/\/izysolutions.com\/fr\/wp-json\/wp\/v2\/pages"}],"about":[{"href":"https:\/\/izysolutions.com\/fr\/wp-json\/wp\/v2\/types\/page"}],"author":[{"embeddable":true,"href":"https:\/\/izysolutions.com\/fr\/wp-json\/wp\/v2\/users\/1"}],"replies":[{"embeddable":true,"href":"https:\/\/izysolutions.com\/fr\/wp-json\/wp\/v2\/comments?post=14252"}],"version-history":[{"count":1,"href":"https:\/\/izysolutions.com\/fr\/wp-json\/wp\/v2\/pages\/14252\/revisions"}],"predecessor-version":[{"id":16295,"href":"https:\/\/izysolutions.com\/fr\/wp-json\/wp\/v2\/pages\/14252\/revisions\/16295"}],"up":[{"embeddable":true,"href":"https:\/\/izysolutions.com\/fr\/wp-json\/wp\/v2\/pages\/14171"}],"wp:attachment":[{"href":"https:\/\/izysolutions.com\/fr\/wp-json\/wp\/v2\/media?parent=14252"}],"curies":[{"name":"wp","href":"https:\/\/api.w.org\/{rel}","templated":true}]}}