{"id":14251,"date":"2021-11-04T11:28:29","date_gmt":"2021-11-04T10:28:29","guid":{"rendered":"https:\/\/izysolutions.com\/nos-services\/ifaxnet\/"},"modified":"2024-11-19T10:39:16","modified_gmt":"2024-11-19T09:39:16","slug":"ifaxnet","status":"publish","type":"page","link":"https:\/\/izysolutions.com\/fr\/nos-services\/ifaxnet\/","title":{"rendered":"iFaxnet"},"content":{"rendered":"","protected":false},"excerpt":{"rendered":"","protected":false},"author":1,"featured_media":0,"parent":14171,"menu_order":0,"comment_status":"closed","ping_status":"closed","template":"page-template-produits.php","meta":{"_acf_changed":false,"inline_featured_image":false,"footnotes":""},"class_list":["post-14251","page","type-page","status-publish","hentry"],"acf":[],"yoast_head":"<!-- This site is optimized with the Yoast SEO plugin v26.7 - https:\/\/yoast.com\/wordpress\/plugins\/seo\/ -->\n<title>iFaxnet : notre solution de fax optique vers EDI qui reconna\u00eet toutes les donn\u00e9es optiques<\/title>\n<meta name=\"description\" content=\"iFaxnet est une solution de fax optique vers EDI qui d\u00e9crypte les donn\u00e9es re\u00e7ues sur papier (m\u00eame les reconnaissances de formulaires avec des points de per\u00e7age) et les transmet \u00e0 l&#039;EDI dans votre ERP\" \/>\n<meta name=\"robots\" content=\"index, follow, max-snippet:-1, max-image-preview:large, max-video-preview:-1\" \/>\n<link rel=\"canonical\" href=\"https:\/\/izysolutions.com\/fr\/nos-services\/ifaxnet\/\" \/>\n<meta property=\"og:locale\" content=\"fr_FR\" \/>\n<meta property=\"og:type\" content=\"article\" \/>\n<meta property=\"og:title\" content=\"iFaxnet : notre solution de fax optique vers EDI qui reconna\u00eet toutes les donn\u00e9es optiques\" \/>\n<meta property=\"og:description\" content=\"iFaxnet est une solution de fax optique vers EDI qui d\u00e9crypte les donn\u00e9es re\u00e7ues sur papier (m\u00eame les reconnaissances de formulaires avec des points de per\u00e7age) et les transmet \u00e0 l&#039;EDI dans votre ERP\" \/>\n<meta property=\"og:url\" content=\"https:\/\/izysolutions.com\/fr\/nos-services\/ifaxnet\/\" \/>\n<meta property=\"og:site_name\" content=\"iZySolutions\" \/>\n<meta property=\"article:modified_time\" content=\"2024-11-19T09:39:16+00:00\" \/>\n<meta name=\"twitter:card\" content=\"summary_large_image\" \/>\n<script type=\"application\/ld+json\" class=\"yoast-schema-graph\">{\"@context\":\"https:\/\/schema.org\",\"@graph\":[{\"@type\":\"WebPage\",\"@id\":\"https:\/\/izysolutions.com\/fr\/nos-services\/ifaxnet\/\",\"url\":\"https:\/\/izysolutions.com\/fr\/nos-services\/ifaxnet\/\",\"name\":\"iFaxnet : notre solution de fax optique vers EDI qui reconna\u00eet toutes les donn\u00e9es optiques\",\"isPartOf\":{\"@id\":\"https:\/\/izysolutions.com\/#website\"},\"datePublished\":\"2021-11-04T10:28:29+00:00\",\"dateModified\":\"2024-11-19T09:39:16+00:00\",\"description\":\"iFaxnet est une solution de fax optique vers EDI qui d\u00e9crypte les donn\u00e9es re\u00e7ues sur papier (m\u00eame les reconnaissances de formulaires avec des points de per\u00e7age) et les transmet \u00e0 l'EDI dans votre ERP\",\"breadcrumb\":{\"@id\":\"https:\/\/izysolutions.com\/fr\/nos-services\/ifaxnet\/#breadcrumb\"},\"inLanguage\":\"fr-FR\",\"potentialAction\":[{\"@type\":\"ReadAction\",\"target\":[\"https:\/\/izysolutions.com\/fr\/nos-services\/ifaxnet\/\"]}]},{\"@type\":\"BreadcrumbList\",\"@id\":\"https:\/\/izysolutions.com\/fr\/nos-services\/ifaxnet\/#breadcrumb\",\"itemListElement\":[{\"@type\":\"ListItem\",\"position\":1,\"name\":\"Home\",\"item\":\"https:\/\/izysolutions.com\/fr\/\"},{\"@type\":\"ListItem\",\"position\":2,\"name\":\"Gestion de catalogue Edi optique\",\"item\":\"https:\/\/izysolutions.com\/fr\/nos-services\/\"},{\"@type\":\"ListItem\",\"position\":3,\"name\":\"iFaxnet\"}]},{\"@type\":\"WebSite\",\"@id\":\"https:\/\/izysolutions.com\/#website\",\"url\":\"https:\/\/izysolutions.com\/\",\"name\":\"iZySolutions\",\"description\":\"Un site utilisant WordPress\",\"potentialAction\":[{\"@type\":\"SearchAction\",\"target\":{\"@type\":\"EntryPoint\",\"urlTemplate\":\"https:\/\/izysolutions.com\/?s={search_term_string}\"},\"query-input\":{\"@type\":\"PropertyValueSpecification\",\"valueRequired\":true,\"valueName\":\"search_term_string\"}}],\"inLanguage\":\"fr-FR\"}]}<\/script>\n<!-- \/ Yoast SEO plugin. -->","yoast_head_json":{"title":"iFaxnet : notre solution de fax optique vers EDI qui reconna\u00eet toutes les donn\u00e9es optiques","description":"iFaxnet est une solution de fax optique vers EDI qui d\u00e9crypte les donn\u00e9es re\u00e7ues sur papier (m\u00eame les reconnaissances de formulaires avec des points de per\u00e7age) et les transmet \u00e0 l'EDI dans votre ERP","robots":{"index":"index","follow":"follow","max-snippet":"max-snippet:-1","max-image-preview":"max-image-preview:large","max-video-preview":"max-video-preview:-1"},"canonical":"https:\/\/izysolutions.com\/fr\/nos-services\/ifaxnet\/","og_locale":"fr_FR","og_type":"article","og_title":"iFaxnet : notre solution de fax optique vers EDI qui reconna\u00eet toutes les donn\u00e9es optiques","og_description":"iFaxnet est une solution de fax optique vers EDI qui d\u00e9crypte les donn\u00e9es re\u00e7ues sur papier (m\u00eame les reconnaissances de formulaires avec des points de per\u00e7age) et les transmet \u00e0 l'EDI dans votre ERP","og_url":"https:\/\/izysolutions.com\/fr\/nos-services\/ifaxnet\/","og_site_name":"iZySolutions","article_modified_time":"2024-11-19T09:39:16+00:00","twitter_card":"summary_large_image","schema":{"@context":"https:\/\/schema.org","@graph":[{"@type":"WebPage","@id":"https:\/\/izysolutions.com\/fr\/nos-services\/ifaxnet\/","url":"https:\/\/izysolutions.com\/fr\/nos-services\/ifaxnet\/","name":"iFaxnet : notre solution de fax optique vers EDI qui reconna\u00eet toutes les donn\u00e9es optiques","isPartOf":{"@id":"https:\/\/izysolutions.com\/#website"},"datePublished":"2021-11-04T10:28:29+00:00","dateModified":"2024-11-19T09:39:16+00:00","description":"iFaxnet est une solution de fax optique vers EDI qui d\u00e9crypte les donn\u00e9es re\u00e7ues sur papier (m\u00eame les reconnaissances de formulaires avec des points de per\u00e7age) et les transmet \u00e0 l'EDI dans votre ERP","breadcrumb":{"@id":"https:\/\/izysolutions.com\/fr\/nos-services\/ifaxnet\/#breadcrumb"},"inLanguage":"fr-FR","potentialAction":[{"@type":"ReadAction","target":["https:\/\/izysolutions.com\/fr\/nos-services\/ifaxnet\/"]}]},{"@type":"BreadcrumbList","@id":"https:\/\/izysolutions.com\/fr\/nos-services\/ifaxnet\/#breadcrumb","itemListElement":[{"@type":"ListItem","position":1,"name":"Home","item":"https:\/\/izysolutions.com\/fr\/"},{"@type":"ListItem","position":2,"name":"Gestion de catalogue Edi optique","item":"https:\/\/izysolutions.com\/fr\/nos-services\/"},{"@type":"ListItem","position":3,"name":"iFaxnet"}]},{"@type":"WebSite","@id":"https:\/\/izysolutions.com\/#website","url":"https:\/\/izysolutions.com\/","name":"iZySolutions","description":"Un site utilisant WordPress","potentialAction":[{"@type":"SearchAction","target":{"@type":"EntryPoint","urlTemplate":"https:\/\/izysolutions.com\/?s={search_term_string}"},"query-input":{"@type":"PropertyValueSpecification","valueRequired":true,"valueName":"search_term_string"}}],"inLanguage":"fr-FR"}]}},"_links":{"self":[{"href":"https:\/\/izysolutions.com\/fr\/wp-json\/wp\/v2\/pages\/14251","targetHints":{"allow":["GET"]}}],"collection":[{"href":"https:\/\/izysolutions.com\/fr\/wp-json\/wp\/v2\/pages"}],"about":[{"href":"https:\/\/izysolutions.com\/fr\/wp-json\/wp\/v2\/types\/page"}],"author":[{"embeddable":true,"href":"https:\/\/izysolutions.com\/fr\/wp-json\/wp\/v2\/users\/1"}],"replies":[{"embeddable":true,"href":"https:\/\/izysolutions.com\/fr\/wp-json\/wp\/v2\/comments?post=14251"}],"version-history":[{"count":30,"href":"https:\/\/izysolutions.com\/fr\/wp-json\/wp\/v2\/pages\/14251\/revisions"}],"predecessor-version":[{"id":16294,"href":"https:\/\/izysolutions.com\/fr\/wp-json\/wp\/v2\/pages\/14251\/revisions\/16294"}],"up":[{"embeddable":true,"href":"https:\/\/izysolutions.com\/fr\/wp-json\/wp\/v2\/pages\/14171"}],"wp:attachment":[{"href":"https:\/\/izysolutions.com\/fr\/wp-json\/wp\/v2\/media?parent=14251"}],"curies":[{"name":"wp","href":"https:\/\/api.w.org\/{rel}","templated":true}]}}