{"id":14250,"date":"2021-11-04T11:24:27","date_gmt":"2021-11-04T10:24:27","guid":{"rendered":"https:\/\/izysolutions.com\/nos-logiciels\/izywebshop\/"},"modified":"2024-11-19T10:32:00","modified_gmt":"2024-11-19T09:32:00","slug":"izywebshop","status":"publish","type":"page","link":"https:\/\/izysolutions.com\/fr\/nos-logiciels\/izywebshop\/","title":{"rendered":"iZyWebShop"},"content":{"rendered":"","protected":false},"excerpt":{"rendered":"","protected":false},"author":1,"featured_media":0,"parent":14177,"menu_order":0,"comment_status":"closed","ping_status":"closed","template":"page-template-produits.php","meta":{"_acf_changed":false,"inline_featured_image":false,"footnotes":""},"class_list":["post-14250","page","type-page","status-publish","hentry"],"acf":[],"yoast_head":"<!-- This site is optimized with the Yoast SEO plugin v26.7 - https:\/\/yoast.com\/wordpress\/plugins\/seo\/ -->\n<title>iZyWebShop : LE Webshop optique b2b qui facilite la vie et am\u00e9liore les ventes<\/title>\n<meta name=\"description\" content=\"Vous recherchez un Webshop optique b2b (plateforme e-commerce) connect\u00e9e \u00e0 tous vos fournisseurs mais aussi \u00e0 vos logiciels sp\u00e9cifiques : ERP, PMS, traceur... ?\" \/>\n<meta name=\"robots\" content=\"index, follow, max-snippet:-1, max-image-preview:large, max-video-preview:-1\" \/>\n<link rel=\"canonical\" href=\"https:\/\/izysolutions.com\/fr\/nos-logiciels\/izywebshop\/\" \/>\n<meta property=\"og:locale\" content=\"fr_FR\" \/>\n<meta property=\"og:type\" content=\"article\" \/>\n<meta property=\"og:title\" content=\"iZyWebShop : LE Webshop optique b2b qui facilite la vie et am\u00e9liore les ventes\" \/>\n<meta property=\"og:description\" content=\"Vous recherchez un Webshop optique b2b (plateforme e-commerce) connect\u00e9e \u00e0 tous vos fournisseurs mais aussi \u00e0 vos logiciels sp\u00e9cifiques : ERP, PMS, traceur... ?\" \/>\n<meta property=\"og:url\" content=\"https:\/\/izysolutions.com\/fr\/nos-logiciels\/izywebshop\/\" \/>\n<meta property=\"og:site_name\" content=\"iZySolutions\" \/>\n<meta property=\"article:modified_time\" content=\"2024-11-19T09:32:00+00:00\" \/>\n<meta name=\"twitter:card\" content=\"summary_large_image\" \/>\n<script type=\"application\/ld+json\" class=\"yoast-schema-graph\">{\"@context\":\"https:\/\/schema.org\",\"@graph\":[{\"@type\":\"WebPage\",\"@id\":\"https:\/\/izysolutions.com\/fr\/nos-logiciels\/izywebshop\/\",\"url\":\"https:\/\/izysolutions.com\/fr\/nos-logiciels\/izywebshop\/\",\"name\":\"iZyWebShop : LE Webshop optique b2b qui facilite la vie et am\u00e9liore les ventes\",\"isPartOf\":{\"@id\":\"https:\/\/izysolutions.com\/#website\"},\"datePublished\":\"2021-11-04T10:24:27+00:00\",\"dateModified\":\"2024-11-19T09:32:00+00:00\",\"description\":\"Vous recherchez un Webshop optique b2b (plateforme e-commerce) connect\u00e9e \u00e0 tous vos fournisseurs mais aussi \u00e0 vos logiciels sp\u00e9cifiques : ERP, PMS, traceur... ?\",\"breadcrumb\":{\"@id\":\"https:\/\/izysolutions.com\/fr\/nos-logiciels\/izywebshop\/#breadcrumb\"},\"inLanguage\":\"fr-FR\",\"potentialAction\":[{\"@type\":\"ReadAction\",\"target\":[\"https:\/\/izysolutions.com\/fr\/nos-logiciels\/izywebshop\/\"]}]},{\"@type\":\"BreadcrumbList\",\"@id\":\"https:\/\/izysolutions.com\/fr\/nos-logiciels\/izywebshop\/#breadcrumb\",\"itemListElement\":[{\"@type\":\"ListItem\",\"position\":1,\"name\":\"Home\",\"item\":\"https:\/\/izysolutions.com\/fr\/\"},{\"@type\":\"ListItem\",\"position\":2,\"name\":\"Gestion de Lab Front Office\",\"item\":\"https:\/\/izysolutions.com\/fr\/nos-logiciels\/\"},{\"@type\":\"ListItem\",\"position\":3,\"name\":\"iZyWebShop\"}]},{\"@type\":\"WebSite\",\"@id\":\"https:\/\/izysolutions.com\/#website\",\"url\":\"https:\/\/izysolutions.com\/\",\"name\":\"iZySolutions\",\"description\":\"Un site utilisant WordPress\",\"potentialAction\":[{\"@type\":\"SearchAction\",\"target\":{\"@type\":\"EntryPoint\",\"urlTemplate\":\"https:\/\/izysolutions.com\/?s={search_term_string}\"},\"query-input\":{\"@type\":\"PropertyValueSpecification\",\"valueRequired\":true,\"valueName\":\"search_term_string\"}}],\"inLanguage\":\"fr-FR\"}]}<\/script>\n<!-- \/ Yoast SEO plugin. -->","yoast_head_json":{"title":"iZyWebShop : LE Webshop optique b2b qui facilite la vie et am\u00e9liore les ventes","description":"Vous recherchez un Webshop optique b2b (plateforme e-commerce) connect\u00e9e \u00e0 tous vos fournisseurs mais aussi \u00e0 vos logiciels sp\u00e9cifiques : ERP, PMS, traceur... ?","robots":{"index":"index","follow":"follow","max-snippet":"max-snippet:-1","max-image-preview":"max-image-preview:large","max-video-preview":"max-video-preview:-1"},"canonical":"https:\/\/izysolutions.com\/fr\/nos-logiciels\/izywebshop\/","og_locale":"fr_FR","og_type":"article","og_title":"iZyWebShop : LE Webshop optique b2b qui facilite la vie et am\u00e9liore les ventes","og_description":"Vous recherchez un Webshop optique b2b (plateforme e-commerce) connect\u00e9e \u00e0 tous vos fournisseurs mais aussi \u00e0 vos logiciels sp\u00e9cifiques : ERP, PMS, traceur... ?","og_url":"https:\/\/izysolutions.com\/fr\/nos-logiciels\/izywebshop\/","og_site_name":"iZySolutions","article_modified_time":"2024-11-19T09:32:00+00:00","twitter_card":"summary_large_image","schema":{"@context":"https:\/\/schema.org","@graph":[{"@type":"WebPage","@id":"https:\/\/izysolutions.com\/fr\/nos-logiciels\/izywebshop\/","url":"https:\/\/izysolutions.com\/fr\/nos-logiciels\/izywebshop\/","name":"iZyWebShop : LE Webshop optique b2b qui facilite la vie et am\u00e9liore les ventes","isPartOf":{"@id":"https:\/\/izysolutions.com\/#website"},"datePublished":"2021-11-04T10:24:27+00:00","dateModified":"2024-11-19T09:32:00+00:00","description":"Vous recherchez un Webshop optique b2b (plateforme e-commerce) connect\u00e9e \u00e0 tous vos fournisseurs mais aussi \u00e0 vos logiciels sp\u00e9cifiques : ERP, PMS, traceur... ?","breadcrumb":{"@id":"https:\/\/izysolutions.com\/fr\/nos-logiciels\/izywebshop\/#breadcrumb"},"inLanguage":"fr-FR","potentialAction":[{"@type":"ReadAction","target":["https:\/\/izysolutions.com\/fr\/nos-logiciels\/izywebshop\/"]}]},{"@type":"BreadcrumbList","@id":"https:\/\/izysolutions.com\/fr\/nos-logiciels\/izywebshop\/#breadcrumb","itemListElement":[{"@type":"ListItem","position":1,"name":"Home","item":"https:\/\/izysolutions.com\/fr\/"},{"@type":"ListItem","position":2,"name":"Gestion de Lab Front Office","item":"https:\/\/izysolutions.com\/fr\/nos-logiciels\/"},{"@type":"ListItem","position":3,"name":"iZyWebShop"}]},{"@type":"WebSite","@id":"https:\/\/izysolutions.com\/#website","url":"https:\/\/izysolutions.com\/","name":"iZySolutions","description":"Un site utilisant WordPress","potentialAction":[{"@type":"SearchAction","target":{"@type":"EntryPoint","urlTemplate":"https:\/\/izysolutions.com\/?s={search_term_string}"},"query-input":{"@type":"PropertyValueSpecification","valueRequired":true,"valueName":"search_term_string"}}],"inLanguage":"fr-FR"}]}},"_links":{"self":[{"href":"https:\/\/izysolutions.com\/fr\/wp-json\/wp\/v2\/pages\/14250","targetHints":{"allow":["GET"]}}],"collection":[{"href":"https:\/\/izysolutions.com\/fr\/wp-json\/wp\/v2\/pages"}],"about":[{"href":"https:\/\/izysolutions.com\/fr\/wp-json\/wp\/v2\/types\/page"}],"author":[{"embeddable":true,"href":"https:\/\/izysolutions.com\/fr\/wp-json\/wp\/v2\/users\/1"}],"replies":[{"embeddable":true,"href":"https:\/\/izysolutions.com\/fr\/wp-json\/wp\/v2\/comments?post=14250"}],"version-history":[{"count":2,"href":"https:\/\/izysolutions.com\/fr\/wp-json\/wp\/v2\/pages\/14250\/revisions"}],"predecessor-version":[{"id":16291,"href":"https:\/\/izysolutions.com\/fr\/wp-json\/wp\/v2\/pages\/14250\/revisions\/16291"}],"up":[{"embeddable":true,"href":"https:\/\/izysolutions.com\/fr\/wp-json\/wp\/v2\/pages\/14177"}],"wp:attachment":[{"href":"https:\/\/izysolutions.com\/fr\/wp-json\/wp\/v2\/media?parent=14250"}],"curies":[{"name":"wp","href":"https:\/\/api.w.org\/{rel}","templated":true}]}}