{"id":14249,"date":"2021-11-04T11:23:37","date_gmt":"2021-11-04T10:23:37","guid":{"rendered":"https:\/\/izysolutions.com\/nos-logiciels\/izyshape\/"},"modified":"2024-11-19T10:37:42","modified_gmt":"2024-11-19T09:37:42","slug":"izyshape","status":"publish","type":"page","link":"https:\/\/izysolutions.com\/fr\/nos-logiciels\/izyshape\/","title":{"rendered":"iZyShape"},"content":{"rendered":"","protected":false},"excerpt":{"rendered":"","protected":false},"author":1,"featured_media":0,"parent":14177,"menu_order":0,"comment_status":"closed","ping_status":"closed","template":"page-template-produits.php","meta":{"_acf_changed":false,"inline_featured_image":false,"footnotes":""},"class_list":["post-14249","page","type-page","status-publish","hentry"],"acf":[],"yoast_head":"<!-- This site is optimized with the Yoast SEO plugin v26.7 - https:\/\/yoast.com\/wordpress\/plugins\/seo\/ -->\n<title>Une solution de taillage \u00e0 distance qui s&#039;adapte \u00e0 tous les palpeurs optiques et \u00e0 la boutique en ligne des fournisseurs<\/title>\n<meta name=\"description\" content=\"Avec notre solution de taillage \u00e0 distance, les opticiens se connectent \u00e0 leur PMS pour saisir leurs donn\u00e9es clients &amp; ils se connectent \u00e9galement aux logiciels de leurs fournisseurs concern\u00e9s par les formes...\" \/>\n<meta name=\"robots\" content=\"index, follow, max-snippet:-1, max-image-preview:large, max-video-preview:-1\" \/>\n<link rel=\"canonical\" href=\"https:\/\/izysolutions.com\/fr\/nos-logiciels\/izyshape\/\" \/>\n<meta property=\"og:locale\" content=\"fr_FR\" \/>\n<meta property=\"og:type\" content=\"article\" \/>\n<meta property=\"og:title\" content=\"Une solution de taillage \u00e0 distance qui s&#039;adapte \u00e0 tous les palpeurs optiques et \u00e0 la boutique en ligne des fournisseurs\" \/>\n<meta property=\"og:description\" content=\"Avec notre solution de taillage \u00e0 distance, les opticiens se connectent \u00e0 leur PMS pour saisir leurs donn\u00e9es clients &amp; ils se connectent \u00e9galement aux logiciels de leurs fournisseurs concern\u00e9s par les formes...\" \/>\n<meta property=\"og:url\" content=\"https:\/\/izysolutions.com\/fr\/nos-logiciels\/izyshape\/\" \/>\n<meta property=\"og:site_name\" content=\"iZySolutions\" \/>\n<meta property=\"article:modified_time\" content=\"2024-11-19T09:37:42+00:00\" \/>\n<meta name=\"twitter:card\" content=\"summary_large_image\" \/>\n<script type=\"application\/ld+json\" class=\"yoast-schema-graph\">{\"@context\":\"https:\/\/schema.org\",\"@graph\":[{\"@type\":\"WebPage\",\"@id\":\"https:\/\/izysolutions.com\/fr\/nos-logiciels\/izyshape\/\",\"url\":\"https:\/\/izysolutions.com\/fr\/nos-logiciels\/izyshape\/\",\"name\":\"Une solution de taillage \u00e0 distance qui s'adapte \u00e0 tous les palpeurs optiques et \u00e0 la boutique en ligne des fournisseurs\",\"isPartOf\":{\"@id\":\"https:\/\/izysolutions.com\/#website\"},\"datePublished\":\"2021-11-04T10:23:37+00:00\",\"dateModified\":\"2024-11-19T09:37:42+00:00\",\"description\":\"Avec notre solution de taillage \u00e0 distance, les opticiens se connectent \u00e0 leur PMS pour saisir leurs donn\u00e9es clients & ils se connectent \u00e9galement aux logiciels de leurs fournisseurs concern\u00e9s par les formes...\",\"breadcrumb\":{\"@id\":\"https:\/\/izysolutions.com\/fr\/nos-logiciels\/izyshape\/#breadcrumb\"},\"inLanguage\":\"fr-FR\",\"potentialAction\":[{\"@type\":\"ReadAction\",\"target\":[\"https:\/\/izysolutions.com\/fr\/nos-logiciels\/izyshape\/\"]}]},{\"@type\":\"BreadcrumbList\",\"@id\":\"https:\/\/izysolutions.com\/fr\/nos-logiciels\/izyshape\/#breadcrumb\",\"itemListElement\":[{\"@type\":\"ListItem\",\"position\":1,\"name\":\"Home\",\"item\":\"https:\/\/izysolutions.com\/fr\/\"},{\"@type\":\"ListItem\",\"position\":2,\"name\":\"Gestion de Lab Front Office\",\"item\":\"https:\/\/izysolutions.com\/fr\/nos-logiciels\/\"},{\"@type\":\"ListItem\",\"position\":3,\"name\":\"iZyShape\"}]},{\"@type\":\"WebSite\",\"@id\":\"https:\/\/izysolutions.com\/#website\",\"url\":\"https:\/\/izysolutions.com\/\",\"name\":\"iZySolutions\",\"description\":\"Un site utilisant WordPress\",\"potentialAction\":[{\"@type\":\"SearchAction\",\"target\":{\"@type\":\"EntryPoint\",\"urlTemplate\":\"https:\/\/izysolutions.com\/?s={search_term_string}\"},\"query-input\":{\"@type\":\"PropertyValueSpecification\",\"valueRequired\":true,\"valueName\":\"search_term_string\"}}],\"inLanguage\":\"fr-FR\"}]}<\/script>\n<!-- \/ Yoast SEO plugin. -->","yoast_head_json":{"title":"Une solution de taillage \u00e0 distance qui s'adapte \u00e0 tous les palpeurs optiques et \u00e0 la boutique en ligne des fournisseurs","description":"Avec notre solution de taillage \u00e0 distance, les opticiens se connectent \u00e0 leur PMS pour saisir leurs donn\u00e9es clients & ils se connectent \u00e9galement aux logiciels de leurs fournisseurs concern\u00e9s par les formes...","robots":{"index":"index","follow":"follow","max-snippet":"max-snippet:-1","max-image-preview":"max-image-preview:large","max-video-preview":"max-video-preview:-1"},"canonical":"https:\/\/izysolutions.com\/fr\/nos-logiciels\/izyshape\/","og_locale":"fr_FR","og_type":"article","og_title":"Une solution de taillage \u00e0 distance qui s'adapte \u00e0 tous les palpeurs optiques et \u00e0 la boutique en ligne des fournisseurs","og_description":"Avec notre solution de taillage \u00e0 distance, les opticiens se connectent \u00e0 leur PMS pour saisir leurs donn\u00e9es clients & ils se connectent \u00e9galement aux logiciels de leurs fournisseurs concern\u00e9s par les formes...","og_url":"https:\/\/izysolutions.com\/fr\/nos-logiciels\/izyshape\/","og_site_name":"iZySolutions","article_modified_time":"2024-11-19T09:37:42+00:00","twitter_card":"summary_large_image","schema":{"@context":"https:\/\/schema.org","@graph":[{"@type":"WebPage","@id":"https:\/\/izysolutions.com\/fr\/nos-logiciels\/izyshape\/","url":"https:\/\/izysolutions.com\/fr\/nos-logiciels\/izyshape\/","name":"Une solution de taillage \u00e0 distance qui s'adapte \u00e0 tous les palpeurs optiques et \u00e0 la boutique en ligne des fournisseurs","isPartOf":{"@id":"https:\/\/izysolutions.com\/#website"},"datePublished":"2021-11-04T10:23:37+00:00","dateModified":"2024-11-19T09:37:42+00:00","description":"Avec notre solution de taillage \u00e0 distance, les opticiens se connectent \u00e0 leur PMS pour saisir leurs donn\u00e9es clients & ils se connectent \u00e9galement aux logiciels de leurs fournisseurs concern\u00e9s par les formes...","breadcrumb":{"@id":"https:\/\/izysolutions.com\/fr\/nos-logiciels\/izyshape\/#breadcrumb"},"inLanguage":"fr-FR","potentialAction":[{"@type":"ReadAction","target":["https:\/\/izysolutions.com\/fr\/nos-logiciels\/izyshape\/"]}]},{"@type":"BreadcrumbList","@id":"https:\/\/izysolutions.com\/fr\/nos-logiciels\/izyshape\/#breadcrumb","itemListElement":[{"@type":"ListItem","position":1,"name":"Home","item":"https:\/\/izysolutions.com\/fr\/"},{"@type":"ListItem","position":2,"name":"Gestion de Lab Front Office","item":"https:\/\/izysolutions.com\/fr\/nos-logiciels\/"},{"@type":"ListItem","position":3,"name":"iZyShape"}]},{"@type":"WebSite","@id":"https:\/\/izysolutions.com\/#website","url":"https:\/\/izysolutions.com\/","name":"iZySolutions","description":"Un site utilisant WordPress","potentialAction":[{"@type":"SearchAction","target":{"@type":"EntryPoint","urlTemplate":"https:\/\/izysolutions.com\/?s={search_term_string}"},"query-input":{"@type":"PropertyValueSpecification","valueRequired":true,"valueName":"search_term_string"}}],"inLanguage":"fr-FR"}]}},"_links":{"self":[{"href":"https:\/\/izysolutions.com\/fr\/wp-json\/wp\/v2\/pages\/14249","targetHints":{"allow":["GET"]}}],"collection":[{"href":"https:\/\/izysolutions.com\/fr\/wp-json\/wp\/v2\/pages"}],"about":[{"href":"https:\/\/izysolutions.com\/fr\/wp-json\/wp\/v2\/types\/page"}],"author":[{"embeddable":true,"href":"https:\/\/izysolutions.com\/fr\/wp-json\/wp\/v2\/users\/1"}],"replies":[{"embeddable":true,"href":"https:\/\/izysolutions.com\/fr\/wp-json\/wp\/v2\/comments?post=14249"}],"version-history":[{"count":2,"href":"https:\/\/izysolutions.com\/fr\/wp-json\/wp\/v2\/pages\/14249\/revisions"}],"predecessor-version":[{"id":16292,"href":"https:\/\/izysolutions.com\/fr\/wp-json\/wp\/v2\/pages\/14249\/revisions\/16292"}],"up":[{"embeddable":true,"href":"https:\/\/izysolutions.com\/fr\/wp-json\/wp\/v2\/pages\/14177"}],"wp:attachment":[{"href":"https:\/\/izysolutions.com\/fr\/wp-json\/wp\/v2\/media?parent=14249"}],"curies":[{"name":"wp","href":"https:\/\/api.w.org\/{rel}","templated":true}]}}