{"id":14248,"date":"2021-11-04T11:17:12","date_gmt":"2021-11-04T10:17:12","guid":{"rendered":"https:\/\/izysolutions.com\/nos-logiciels-2__trashed\/iwicatalogue\/"},"modified":"2025-02-18T10:15:11","modified_gmt":"2025-02-18T09:15:11","slug":"iwicatalogue","status":"publish","type":"page","link":"https:\/\/izysolutions.com\/fr\/nos-logiciels\/iwicatalogue\/","title":{"rendered":"iWiCatalog"},"content":{"rendered":"","protected":false},"excerpt":{"rendered":"","protected":false},"author":1,"featured_media":0,"parent":14177,"menu_order":0,"comment_status":"closed","ping_status":"closed","template":"page-template-produits.php","meta":{"_acf_changed":false,"inline_featured_image":false,"footnotes":""},"class_list":["post-14248","page","type-page","status-publish","hentry"],"acf":[],"yoast_head":"<!-- This site is optimized with the Yoast SEO plugin v26.7 - https:\/\/yoast.com\/wordpress\/plugins\/seo\/ -->\n<title>iWiCatalog : &quot;LA&quot; optique catalogue EDI qui r\u00e9pond \u00e0 tous vos besoins<\/title>\n<meta name=\"description\" content=\"iWiCatalog est l&#039;optique catalogue EDI utilis\u00e9e par les fabricants d&#039;optique, les cha\u00eenes de distribution et les groupes internationaux puisqu&#039;elle permet de connecter tout le monde quel que soit le\" \/>\n<meta name=\"robots\" content=\"index, follow, max-snippet:-1, max-image-preview:large, max-video-preview:-1\" \/>\n<link rel=\"canonical\" href=\"https:\/\/izysolutions.com\/fr\/nos-logiciels\/iwicatalogue\/\" \/>\n<meta property=\"og:locale\" content=\"fr_FR\" \/>\n<meta property=\"og:type\" content=\"article\" \/>\n<meta property=\"og:title\" content=\"iWiCatalog : &quot;LA&quot; optique catalogue EDI qui r\u00e9pond \u00e0 tous vos besoins\" \/>\n<meta property=\"og:description\" content=\"iWiCatalog est l&#039;optique catalogue EDI utilis\u00e9e par les fabricants d&#039;optique, les cha\u00eenes de distribution et les groupes internationaux puisqu&#039;elle permet de connecter tout le monde quel que soit le\" \/>\n<meta property=\"og:url\" content=\"https:\/\/izysolutions.com\/fr\/nos-logiciels\/iwicatalogue\/\" \/>\n<meta property=\"og:site_name\" content=\"iZySolutions\" \/>\n<meta property=\"article:modified_time\" content=\"2025-02-18T09:15:11+00:00\" \/>\n<meta name=\"twitter:card\" content=\"summary_large_image\" \/>\n<script type=\"application\/ld+json\" class=\"yoast-schema-graph\">{\"@context\":\"https:\/\/schema.org\",\"@graph\":[{\"@type\":\"WebPage\",\"@id\":\"https:\/\/izysolutions.com\/fr\/nos-logiciels\/iwicatalogue\/\",\"url\":\"https:\/\/izysolutions.com\/fr\/nos-logiciels\/iwicatalogue\/\",\"name\":\"iWiCatalog : \\\"LA\\\" optique catalogue EDI qui r\u00e9pond \u00e0 tous vos besoins\",\"isPartOf\":{\"@id\":\"https:\/\/izysolutions.com\/#website\"},\"datePublished\":\"2021-11-04T10:17:12+00:00\",\"dateModified\":\"2025-02-18T09:15:11+00:00\",\"description\":\"iWiCatalog est l'optique catalogue EDI utilis\u00e9e par les fabricants d'optique, les cha\u00eenes de distribution et les groupes internationaux puisqu'elle permet de connecter tout le monde quel que soit le\",\"breadcrumb\":{\"@id\":\"https:\/\/izysolutions.com\/fr\/nos-logiciels\/iwicatalogue\/#breadcrumb\"},\"inLanguage\":\"fr-FR\",\"potentialAction\":[{\"@type\":\"ReadAction\",\"target\":[\"https:\/\/izysolutions.com\/fr\/nos-logiciels\/iwicatalogue\/\"]}]},{\"@type\":\"BreadcrumbList\",\"@id\":\"https:\/\/izysolutions.com\/fr\/nos-logiciels\/iwicatalogue\/#breadcrumb\",\"itemListElement\":[{\"@type\":\"ListItem\",\"position\":1,\"name\":\"Home\",\"item\":\"https:\/\/izysolutions.com\/fr\/\"},{\"@type\":\"ListItem\",\"position\":2,\"name\":\"Gestion de Lab Front Office\",\"item\":\"https:\/\/izysolutions.com\/fr\/nos-logiciels\/\"},{\"@type\":\"ListItem\",\"position\":3,\"name\":\"iWiCatalogue\"}]},{\"@type\":\"WebSite\",\"@id\":\"https:\/\/izysolutions.com\/#website\",\"url\":\"https:\/\/izysolutions.com\/\",\"name\":\"iZySolutions\",\"description\":\"Un site utilisant WordPress\",\"potentialAction\":[{\"@type\":\"SearchAction\",\"target\":{\"@type\":\"EntryPoint\",\"urlTemplate\":\"https:\/\/izysolutions.com\/?s={search_term_string}\"},\"query-input\":{\"@type\":\"PropertyValueSpecification\",\"valueRequired\":true,\"valueName\":\"search_term_string\"}}],\"inLanguage\":\"fr-FR\"}]}<\/script>\n<!-- \/ Yoast SEO plugin. -->","yoast_head_json":{"title":"iWiCatalog : \"LA\" optique catalogue EDI qui r\u00e9pond \u00e0 tous vos besoins","description":"iWiCatalog est l'optique catalogue EDI utilis\u00e9e par les fabricants d'optique, les cha\u00eenes de distribution et les groupes internationaux puisqu'elle permet de connecter tout le monde quel que soit le","robots":{"index":"index","follow":"follow","max-snippet":"max-snippet:-1","max-image-preview":"max-image-preview:large","max-video-preview":"max-video-preview:-1"},"canonical":"https:\/\/izysolutions.com\/fr\/nos-logiciels\/iwicatalogue\/","og_locale":"fr_FR","og_type":"article","og_title":"iWiCatalog : \"LA\" optique catalogue EDI qui r\u00e9pond \u00e0 tous vos besoins","og_description":"iWiCatalog est l'optique catalogue EDI utilis\u00e9e par les fabricants d'optique, les cha\u00eenes de distribution et les groupes internationaux puisqu'elle permet de connecter tout le monde quel que soit le","og_url":"https:\/\/izysolutions.com\/fr\/nos-logiciels\/iwicatalogue\/","og_site_name":"iZySolutions","article_modified_time":"2025-02-18T09:15:11+00:00","twitter_card":"summary_large_image","schema":{"@context":"https:\/\/schema.org","@graph":[{"@type":"WebPage","@id":"https:\/\/izysolutions.com\/fr\/nos-logiciels\/iwicatalogue\/","url":"https:\/\/izysolutions.com\/fr\/nos-logiciels\/iwicatalogue\/","name":"iWiCatalog : \"LA\" optique catalogue EDI qui r\u00e9pond \u00e0 tous vos besoins","isPartOf":{"@id":"https:\/\/izysolutions.com\/#website"},"datePublished":"2021-11-04T10:17:12+00:00","dateModified":"2025-02-18T09:15:11+00:00","description":"iWiCatalog est l'optique catalogue EDI utilis\u00e9e par les fabricants d'optique, les cha\u00eenes de distribution et les groupes internationaux puisqu'elle permet de connecter tout le monde quel que soit le","breadcrumb":{"@id":"https:\/\/izysolutions.com\/fr\/nos-logiciels\/iwicatalogue\/#breadcrumb"},"inLanguage":"fr-FR","potentialAction":[{"@type":"ReadAction","target":["https:\/\/izysolutions.com\/fr\/nos-logiciels\/iwicatalogue\/"]}]},{"@type":"BreadcrumbList","@id":"https:\/\/izysolutions.com\/fr\/nos-logiciels\/iwicatalogue\/#breadcrumb","itemListElement":[{"@type":"ListItem","position":1,"name":"Home","item":"https:\/\/izysolutions.com\/fr\/"},{"@type":"ListItem","position":2,"name":"Gestion de Lab Front Office","item":"https:\/\/izysolutions.com\/fr\/nos-logiciels\/"},{"@type":"ListItem","position":3,"name":"iWiCatalogue"}]},{"@type":"WebSite","@id":"https:\/\/izysolutions.com\/#website","url":"https:\/\/izysolutions.com\/","name":"iZySolutions","description":"Un site utilisant WordPress","potentialAction":[{"@type":"SearchAction","target":{"@type":"EntryPoint","urlTemplate":"https:\/\/izysolutions.com\/?s={search_term_string}"},"query-input":{"@type":"PropertyValueSpecification","valueRequired":true,"valueName":"search_term_string"}}],"inLanguage":"fr-FR"}]}},"_links":{"self":[{"href":"https:\/\/izysolutions.com\/fr\/wp-json\/wp\/v2\/pages\/14248","targetHints":{"allow":["GET"]}}],"collection":[{"href":"https:\/\/izysolutions.com\/fr\/wp-json\/wp\/v2\/pages"}],"about":[{"href":"https:\/\/izysolutions.com\/fr\/wp-json\/wp\/v2\/types\/page"}],"author":[{"embeddable":true,"href":"https:\/\/izysolutions.com\/fr\/wp-json\/wp\/v2\/users\/1"}],"replies":[{"embeddable":true,"href":"https:\/\/izysolutions.com\/fr\/wp-json\/wp\/v2\/comments?post=14248"}],"version-history":[{"count":2,"href":"https:\/\/izysolutions.com\/fr\/wp-json\/wp\/v2\/pages\/14248\/revisions"}],"predecessor-version":[{"id":16505,"href":"https:\/\/izysolutions.com\/fr\/wp-json\/wp\/v2\/pages\/14248\/revisions\/16505"}],"up":[{"embeddable":true,"href":"https:\/\/izysolutions.com\/fr\/wp-json\/wp\/v2\/pages\/14177"}],"wp:attachment":[{"href":"https:\/\/izysolutions.com\/fr\/wp-json\/wp\/v2\/media?parent=14248"}],"curies":[{"name":"wp","href":"https:\/\/api.w.org\/{rel}","templated":true}]}}