{"id":14196,"date":"2021-10-22T12:12:40","date_gmt":"2021-10-22T10:12:40","guid":{"rendered":"https:\/\/izysolutions.com\/notre-compagnie\/"},"modified":"2025-04-03T11:34:57","modified_gmt":"2025-04-03T09:34:57","slug":"notre-compagnie","status":"publish","type":"page","link":"https:\/\/izysolutions.com\/fr\/notre-compagnie\/","title":{"rendered":"Notre entreprise"},"content":{"rendered":"","protected":false},"excerpt":{"rendered":"","protected":false},"author":1,"featured_media":16450,"parent":0,"menu_order":0,"comment_status":"closed","ping_status":"closed","template":"page-a-propos.php","meta":{"_acf_changed":false,"inline_featured_image":false,"footnotes":""},"class_list":["post-14196","page","type-page","status-publish","has-post-thumbnail","hentry"],"acf":[],"yoast_head":"<!-- This site is optimized with the Yoast SEO plugin v26.7 - https:\/\/yoast.com\/wordpress\/plugins\/seo\/ -->\n<title>iZySolutions : LA soci\u00e9t\u00e9 experte en optique pour tous vos projets informatiques<\/title>\n<meta name=\"description\" content=\"En tant que leader europ\u00e9en des solutions logicielles et des offres de services pour les acteurs de l&#039;optique, nous ma\u00eetrisons l&#039;optique. D\u00e9couvrez nos solutions sur notre site internet.\" \/>\n<meta name=\"robots\" content=\"index, follow, max-snippet:-1, max-image-preview:large, max-video-preview:-1\" \/>\n<link rel=\"canonical\" href=\"https:\/\/izysolutions.com\/fr\/notre-compagnie\/\" \/>\n<meta property=\"og:locale\" content=\"fr_FR\" \/>\n<meta property=\"og:type\" content=\"article\" \/>\n<meta property=\"og:title\" content=\"iZySolutions : LA soci\u00e9t\u00e9 experte en optique pour tous vos projets informatiques\" \/>\n<meta property=\"og:description\" content=\"En tant que leader europ\u00e9en des solutions logicielles et des offres de services pour les acteurs de l&#039;optique, nous ma\u00eetrisons l&#039;optique. D\u00e9couvrez nos solutions sur notre site internet.\" \/>\n<meta property=\"og:url\" content=\"https:\/\/izysolutions.com\/fr\/notre-compagnie\/\" \/>\n<meta property=\"og:site_name\" content=\"iZySolutions\" \/>\n<meta property=\"article:modified_time\" content=\"2025-04-03T09:34:57+00:00\" \/>\n<meta property=\"og:image\" content=\"https:\/\/izysolutions.com\/wp-content\/uploads\/2020\/07\/team-izysolutions.jpg\" \/>\n\t<meta property=\"og:image:width\" content=\"2128\" \/>\n\t<meta property=\"og:image:height\" content=\"1419\" \/>\n\t<meta property=\"og:image:type\" content=\"image\/jpeg\" \/>\n<meta name=\"twitter:card\" content=\"summary_large_image\" \/>\n<script type=\"application\/ld+json\" class=\"yoast-schema-graph\">{\"@context\":\"https:\/\/schema.org\",\"@graph\":[{\"@type\":\"WebPage\",\"@id\":\"https:\/\/izysolutions.com\/fr\/notre-compagnie\/\",\"url\":\"https:\/\/izysolutions.com\/fr\/notre-compagnie\/\",\"name\":\"iZySolutions : LA soci\u00e9t\u00e9 experte en optique pour tous vos projets informatiques\",\"isPartOf\":{\"@id\":\"https:\/\/izysolutions.com\/#website\"},\"primaryImageOfPage\":{\"@id\":\"https:\/\/izysolutions.com\/fr\/notre-compagnie\/#primaryimage\"},\"image\":{\"@id\":\"https:\/\/izysolutions.com\/fr\/notre-compagnie\/#primaryimage\"},\"thumbnailUrl\":\"https:\/\/izysolutions.com\/wp-content\/uploads\/2025\/01\/izysolutions-teams.jpg\",\"datePublished\":\"2021-10-22T10:12:40+00:00\",\"dateModified\":\"2025-04-03T09:34:57+00:00\",\"description\":\"En tant que leader europ\u00e9en des solutions logicielles et des offres de services pour les acteurs de l'optique, nous ma\u00eetrisons l'optique. D\u00e9couvrez nos solutions sur notre site internet.\",\"breadcrumb\":{\"@id\":\"https:\/\/izysolutions.com\/fr\/notre-compagnie\/#breadcrumb\"},\"inLanguage\":\"fr-FR\",\"potentialAction\":[{\"@type\":\"ReadAction\",\"target\":[\"https:\/\/izysolutions.com\/fr\/notre-compagnie\/\"]}]},{\"@type\":\"ImageObject\",\"inLanguage\":\"fr-FR\",\"@id\":\"https:\/\/izysolutions.com\/fr\/notre-compagnie\/#primaryimage\",\"url\":\"https:\/\/izysolutions.com\/wp-content\/uploads\/2025\/01\/izysolutions-teams.jpg\",\"contentUrl\":\"https:\/\/izysolutions.com\/wp-content\/uploads\/2025\/01\/izysolutions-teams.jpg\",\"width\":1600,\"height\":1067,\"caption\":\"izysolutions teams\"},{\"@type\":\"BreadcrumbList\",\"@id\":\"https:\/\/izysolutions.com\/fr\/notre-compagnie\/#breadcrumb\",\"itemListElement\":[{\"@type\":\"ListItem\",\"position\":1,\"name\":\"Home\",\"item\":\"https:\/\/izysolutions.com\/fr\/\"},{\"@type\":\"ListItem\",\"position\":2,\"name\":\"Notre entreprise\"}]},{\"@type\":\"WebSite\",\"@id\":\"https:\/\/izysolutions.com\/#website\",\"url\":\"https:\/\/izysolutions.com\/\",\"name\":\"iZySolutions\",\"description\":\"Un site utilisant WordPress\",\"potentialAction\":[{\"@type\":\"SearchAction\",\"target\":{\"@type\":\"EntryPoint\",\"urlTemplate\":\"https:\/\/izysolutions.com\/?s={search_term_string}\"},\"query-input\":{\"@type\":\"PropertyValueSpecification\",\"valueRequired\":true,\"valueName\":\"search_term_string\"}}],\"inLanguage\":\"fr-FR\"}]}<\/script>\n<!-- \/ Yoast SEO plugin. -->","yoast_head_json":{"title":"iZySolutions : LA soci\u00e9t\u00e9 experte en optique pour tous vos projets informatiques","description":"En tant que leader europ\u00e9en des solutions logicielles et des offres de services pour les acteurs de l'optique, nous ma\u00eetrisons l'optique. D\u00e9couvrez nos solutions sur notre site internet.","robots":{"index":"index","follow":"follow","max-snippet":"max-snippet:-1","max-image-preview":"max-image-preview:large","max-video-preview":"max-video-preview:-1"},"canonical":"https:\/\/izysolutions.com\/fr\/notre-compagnie\/","og_locale":"fr_FR","og_type":"article","og_title":"iZySolutions : LA soci\u00e9t\u00e9 experte en optique pour tous vos projets informatiques","og_description":"En tant que leader europ\u00e9en des solutions logicielles et des offres de services pour les acteurs de l'optique, nous ma\u00eetrisons l'optique. D\u00e9couvrez nos solutions sur notre site internet.","og_url":"https:\/\/izysolutions.com\/fr\/notre-compagnie\/","og_site_name":"iZySolutions","article_modified_time":"2025-04-03T09:34:57+00:00","og_image":[{"width":2128,"height":1419,"url":"https:\/\/izysolutions.com\/wp-content\/uploads\/2020\/07\/team-izysolutions.jpg","type":"image\/jpeg"}],"twitter_card":"summary_large_image","schema":{"@context":"https:\/\/schema.org","@graph":[{"@type":"WebPage","@id":"https:\/\/izysolutions.com\/fr\/notre-compagnie\/","url":"https:\/\/izysolutions.com\/fr\/notre-compagnie\/","name":"iZySolutions : LA soci\u00e9t\u00e9 experte en optique pour tous vos projets informatiques","isPartOf":{"@id":"https:\/\/izysolutions.com\/#website"},"primaryImageOfPage":{"@id":"https:\/\/izysolutions.com\/fr\/notre-compagnie\/#primaryimage"},"image":{"@id":"https:\/\/izysolutions.com\/fr\/notre-compagnie\/#primaryimage"},"thumbnailUrl":"https:\/\/izysolutions.com\/wp-content\/uploads\/2025\/01\/izysolutions-teams.jpg","datePublished":"2021-10-22T10:12:40+00:00","dateModified":"2025-04-03T09:34:57+00:00","description":"En tant que leader europ\u00e9en des solutions logicielles et des offres de services pour les acteurs de l'optique, nous ma\u00eetrisons l'optique. D\u00e9couvrez nos solutions sur notre site internet.","breadcrumb":{"@id":"https:\/\/izysolutions.com\/fr\/notre-compagnie\/#breadcrumb"},"inLanguage":"fr-FR","potentialAction":[{"@type":"ReadAction","target":["https:\/\/izysolutions.com\/fr\/notre-compagnie\/"]}]},{"@type":"ImageObject","inLanguage":"fr-FR","@id":"https:\/\/izysolutions.com\/fr\/notre-compagnie\/#primaryimage","url":"https:\/\/izysolutions.com\/wp-content\/uploads\/2025\/01\/izysolutions-teams.jpg","contentUrl":"https:\/\/izysolutions.com\/wp-content\/uploads\/2025\/01\/izysolutions-teams.jpg","width":1600,"height":1067,"caption":"izysolutions teams"},{"@type":"BreadcrumbList","@id":"https:\/\/izysolutions.com\/fr\/notre-compagnie\/#breadcrumb","itemListElement":[{"@type":"ListItem","position":1,"name":"Home","item":"https:\/\/izysolutions.com\/fr\/"},{"@type":"ListItem","position":2,"name":"Notre entreprise"}]},{"@type":"WebSite","@id":"https:\/\/izysolutions.com\/#website","url":"https:\/\/izysolutions.com\/","name":"iZySolutions","description":"Un site utilisant WordPress","potentialAction":[{"@type":"SearchAction","target":{"@type":"EntryPoint","urlTemplate":"https:\/\/izysolutions.com\/?s={search_term_string}"},"query-input":{"@type":"PropertyValueSpecification","valueRequired":true,"valueName":"search_term_string"}}],"inLanguage":"fr-FR"}]}},"_links":{"self":[{"href":"https:\/\/izysolutions.com\/fr\/wp-json\/wp\/v2\/pages\/14196","targetHints":{"allow":["GET"]}}],"collection":[{"href":"https:\/\/izysolutions.com\/fr\/wp-json\/wp\/v2\/pages"}],"about":[{"href":"https:\/\/izysolutions.com\/fr\/wp-json\/wp\/v2\/types\/page"}],"author":[{"embeddable":true,"href":"https:\/\/izysolutions.com\/fr\/wp-json\/wp\/v2\/users\/1"}],"replies":[{"embeddable":true,"href":"https:\/\/izysolutions.com\/fr\/wp-json\/wp\/v2\/comments?post=14196"}],"version-history":[{"count":12,"href":"https:\/\/izysolutions.com\/fr\/wp-json\/wp\/v2\/pages\/14196\/revisions"}],"predecessor-version":[{"id":16550,"href":"https:\/\/izysolutions.com\/fr\/wp-json\/wp\/v2\/pages\/14196\/revisions\/16550"}],"wp:featuredmedia":[{"embeddable":true,"href":"https:\/\/izysolutions.com\/fr\/wp-json\/wp\/v2\/media\/16450"}],"wp:attachment":[{"href":"https:\/\/izysolutions.com\/fr\/wp-json\/wp\/v2\/media?parent=14196"}],"curies":[{"name":"wp","href":"https:\/\/api.w.org\/{rel}","templated":true}]}}