{"id":14178,"date":"2021-10-21T14:38:05","date_gmt":"2021-10-21T12:38:05","guid":{"rendered":"https:\/\/izysolutions.com\/nos-logiciels-2\/gestionnaire-izylab\/"},"modified":"2025-02-18T10:19:39","modified_gmt":"2025-02-18T09:19:39","slug":"gestionnaire-izylab","status":"publish","type":"page","link":"https:\/\/izysolutions.com\/fr\/nos-logiciels\/gestionnaire-izylab\/","title":{"rendered":"Gestionnaire iZyLab"},"content":{"rendered":"","protected":false},"excerpt":{"rendered":"","protected":false},"author":1,"featured_media":0,"parent":14177,"menu_order":0,"comment_status":"closed","ping_status":"closed","template":"page-template-produits.php","meta":{"_acf_changed":false,"inline_featured_image":false,"footnotes":""},"class_list":["post-14178","page","type-page","status-publish","hentry"],"acf":[],"yoast_head":"<!-- This site is optimized with the Yoast SEO plugin v26.7 - https:\/\/yoast.com\/wordpress\/plugins\/seo\/ -->\n<title>iZyLab : un logiciel de laboratoire optique pour g\u00e9rer les probl\u00e9matiques li\u00e9es \u00e0 votre ERP<\/title>\n<meta name=\"description\" content=\"Notre logiciel de laboratoire optique appel\u00e9 iZyLab un panel de logiciels \u00e9lectroniques \u00e9tonnants d\u00e9di\u00e9s aux opticiens, fabricants, fournisseurs, cha\u00eenes de vente au d\u00e9tail pour les aider\" \/>\n<meta name=\"robots\" content=\"index, follow, max-snippet:-1, max-image-preview:large, max-video-preview:-1\" \/>\n<link rel=\"canonical\" href=\"https:\/\/izysolutions.com\/fr\/nos-logiciels\/gestionnaire-izylab\/\" \/>\n<meta property=\"og:locale\" content=\"fr_FR\" \/>\n<meta property=\"og:type\" content=\"article\" \/>\n<meta property=\"og:title\" content=\"iZyLab : un logiciel de laboratoire optique pour g\u00e9rer les probl\u00e9matiques li\u00e9es \u00e0 votre ERP\" \/>\n<meta property=\"og:description\" content=\"Notre logiciel de laboratoire optique appel\u00e9 iZyLab un panel de logiciels \u00e9lectroniques \u00e9tonnants d\u00e9di\u00e9s aux opticiens, fabricants, fournisseurs, cha\u00eenes de vente au d\u00e9tail pour les aider\" \/>\n<meta property=\"og:url\" content=\"https:\/\/izysolutions.com\/fr\/nos-logiciels\/gestionnaire-izylab\/\" \/>\n<meta property=\"og:site_name\" content=\"iZySolutions\" \/>\n<meta property=\"article:modified_time\" content=\"2025-02-18T09:19:39+00:00\" \/>\n<meta name=\"twitter:card\" content=\"summary_large_image\" \/>\n<script type=\"application\/ld+json\" class=\"yoast-schema-graph\">{\"@context\":\"https:\/\/schema.org\",\"@graph\":[{\"@type\":\"WebPage\",\"@id\":\"https:\/\/izysolutions.com\/fr\/nos-logiciels\/gestionnaire-izylab\/\",\"url\":\"https:\/\/izysolutions.com\/fr\/nos-logiciels\/gestionnaire-izylab\/\",\"name\":\"iZyLab : un logiciel de laboratoire optique pour g\u00e9rer les probl\u00e9matiques li\u00e9es \u00e0 votre ERP\",\"isPartOf\":{\"@id\":\"https:\/\/izysolutions.com\/#website\"},\"datePublished\":\"2021-10-21T12:38:05+00:00\",\"dateModified\":\"2025-02-18T09:19:39+00:00\",\"description\":\"Notre logiciel de laboratoire optique appel\u00e9 iZyLab un panel de logiciels \u00e9lectroniques \u00e9tonnants d\u00e9di\u00e9s aux opticiens, fabricants, fournisseurs, cha\u00eenes de vente au d\u00e9tail pour les aider\",\"breadcrumb\":{\"@id\":\"https:\/\/izysolutions.com\/fr\/nos-logiciels\/gestionnaire-izylab\/#breadcrumb\"},\"inLanguage\":\"fr-FR\",\"potentialAction\":[{\"@type\":\"ReadAction\",\"target\":[\"https:\/\/izysolutions.com\/fr\/nos-logiciels\/gestionnaire-izylab\/\"]}]},{\"@type\":\"BreadcrumbList\",\"@id\":\"https:\/\/izysolutions.com\/fr\/nos-logiciels\/gestionnaire-izylab\/#breadcrumb\",\"itemListElement\":[{\"@type\":\"ListItem\",\"position\":1,\"name\":\"Home\",\"item\":\"https:\/\/izysolutions.com\/fr\/\"},{\"@type\":\"ListItem\",\"position\":2,\"name\":\"Gestion de Lab Front Office\",\"item\":\"https:\/\/izysolutions.com\/fr\/nos-logiciels\/\"},{\"@type\":\"ListItem\",\"position\":3,\"name\":\"Gestionnaire iZyLab\"}]},{\"@type\":\"WebSite\",\"@id\":\"https:\/\/izysolutions.com\/#website\",\"url\":\"https:\/\/izysolutions.com\/\",\"name\":\"iZySolutions\",\"description\":\"Un site utilisant WordPress\",\"potentialAction\":[{\"@type\":\"SearchAction\",\"target\":{\"@type\":\"EntryPoint\",\"urlTemplate\":\"https:\/\/izysolutions.com\/?s={search_term_string}\"},\"query-input\":{\"@type\":\"PropertyValueSpecification\",\"valueRequired\":true,\"valueName\":\"search_term_string\"}}],\"inLanguage\":\"fr-FR\"}]}<\/script>\n<!-- \/ Yoast SEO plugin. -->","yoast_head_json":{"title":"iZyLab : un logiciel de laboratoire optique pour g\u00e9rer les probl\u00e9matiques li\u00e9es \u00e0 votre ERP","description":"Notre logiciel de laboratoire optique appel\u00e9 iZyLab un panel de logiciels \u00e9lectroniques \u00e9tonnants d\u00e9di\u00e9s aux opticiens, fabricants, fournisseurs, cha\u00eenes de vente au d\u00e9tail pour les aider","robots":{"index":"index","follow":"follow","max-snippet":"max-snippet:-1","max-image-preview":"max-image-preview:large","max-video-preview":"max-video-preview:-1"},"canonical":"https:\/\/izysolutions.com\/fr\/nos-logiciels\/gestionnaire-izylab\/","og_locale":"fr_FR","og_type":"article","og_title":"iZyLab : un logiciel de laboratoire optique pour g\u00e9rer les probl\u00e9matiques li\u00e9es \u00e0 votre ERP","og_description":"Notre logiciel de laboratoire optique appel\u00e9 iZyLab un panel de logiciels \u00e9lectroniques \u00e9tonnants d\u00e9di\u00e9s aux opticiens, fabricants, fournisseurs, cha\u00eenes de vente au d\u00e9tail pour les aider","og_url":"https:\/\/izysolutions.com\/fr\/nos-logiciels\/gestionnaire-izylab\/","og_site_name":"iZySolutions","article_modified_time":"2025-02-18T09:19:39+00:00","twitter_card":"summary_large_image","schema":{"@context":"https:\/\/schema.org","@graph":[{"@type":"WebPage","@id":"https:\/\/izysolutions.com\/fr\/nos-logiciels\/gestionnaire-izylab\/","url":"https:\/\/izysolutions.com\/fr\/nos-logiciels\/gestionnaire-izylab\/","name":"iZyLab : un logiciel de laboratoire optique pour g\u00e9rer les probl\u00e9matiques li\u00e9es \u00e0 votre ERP","isPartOf":{"@id":"https:\/\/izysolutions.com\/#website"},"datePublished":"2021-10-21T12:38:05+00:00","dateModified":"2025-02-18T09:19:39+00:00","description":"Notre logiciel de laboratoire optique appel\u00e9 iZyLab un panel de logiciels \u00e9lectroniques \u00e9tonnants d\u00e9di\u00e9s aux opticiens, fabricants, fournisseurs, cha\u00eenes de vente au d\u00e9tail pour les aider","breadcrumb":{"@id":"https:\/\/izysolutions.com\/fr\/nos-logiciels\/gestionnaire-izylab\/#breadcrumb"},"inLanguage":"fr-FR","potentialAction":[{"@type":"ReadAction","target":["https:\/\/izysolutions.com\/fr\/nos-logiciels\/gestionnaire-izylab\/"]}]},{"@type":"BreadcrumbList","@id":"https:\/\/izysolutions.com\/fr\/nos-logiciels\/gestionnaire-izylab\/#breadcrumb","itemListElement":[{"@type":"ListItem","position":1,"name":"Home","item":"https:\/\/izysolutions.com\/fr\/"},{"@type":"ListItem","position":2,"name":"Gestion de Lab Front Office","item":"https:\/\/izysolutions.com\/fr\/nos-logiciels\/"},{"@type":"ListItem","position":3,"name":"Gestionnaire iZyLab"}]},{"@type":"WebSite","@id":"https:\/\/izysolutions.com\/#website","url":"https:\/\/izysolutions.com\/","name":"iZySolutions","description":"Un site utilisant WordPress","potentialAction":[{"@type":"SearchAction","target":{"@type":"EntryPoint","urlTemplate":"https:\/\/izysolutions.com\/?s={search_term_string}"},"query-input":{"@type":"PropertyValueSpecification","valueRequired":true,"valueName":"search_term_string"}}],"inLanguage":"fr-FR"}]}},"_links":{"self":[{"href":"https:\/\/izysolutions.com\/fr\/wp-json\/wp\/v2\/pages\/14178","targetHints":{"allow":["GET"]}}],"collection":[{"href":"https:\/\/izysolutions.com\/fr\/wp-json\/wp\/v2\/pages"}],"about":[{"href":"https:\/\/izysolutions.com\/fr\/wp-json\/wp\/v2\/types\/page"}],"author":[{"embeddable":true,"href":"https:\/\/izysolutions.com\/fr\/wp-json\/wp\/v2\/users\/1"}],"replies":[{"embeddable":true,"href":"https:\/\/izysolutions.com\/fr\/wp-json\/wp\/v2\/comments?post=14178"}],"version-history":[{"count":4,"href":"https:\/\/izysolutions.com\/fr\/wp-json\/wp\/v2\/pages\/14178\/revisions"}],"predecessor-version":[{"id":16507,"href":"https:\/\/izysolutions.com\/fr\/wp-json\/wp\/v2\/pages\/14178\/revisions\/16507"}],"up":[{"embeddable":true,"href":"https:\/\/izysolutions.com\/fr\/wp-json\/wp\/v2\/pages\/14177"}],"wp:attachment":[{"href":"https:\/\/izysolutions.com\/fr\/wp-json\/wp\/v2\/media?parent=14178"}],"curies":[{"name":"wp","href":"https:\/\/api.w.org\/{rel}","templated":true}]}}